{"id":3839,"date":"2025-06-19T12:00:10","date_gmt":"2025-06-19T10:00:10","guid":{"rendered":"https:\/\/nect.com\/divulgacion-responsable\/"},"modified":"2026-01-28T16:39:43","modified_gmt":"2026-01-28T15:39:43","slug":"divulgacion-responsable","status":"publish","type":"page","link":"https:\/\/nect.com\/es\/legal\/divulgacion-responsable\/","title":{"rendered":"Divulgaci\u00f3n Responsable"},"content":{"rendered":"\t\t<div data-elementor-type=\"wp-page\" data-elementor-id=\"3839\" class=\"elementor elementor-3839 elementor-1143\" data-elementor-post-type=\"page\">\n\t\t\t\t<div class=\"elementor-element elementor-element-27d2b400 e-flex e-con-boxed e-con e-parent\" data-id=\"27d2b400\" data-element_type=\"container\" data-e-type=\"container\" data-settings=\"{&quot;background_background&quot;:&quot;classic&quot;}\">\n\t\t\t\t\t<div class=\"e-con-inner\">\n\t\t\t\t\t<\/div>\n\t\t\t\t<\/div>\n\t\t<div class=\"elementor-element elementor-element-60e6d9ef e-flex e-con-boxed e-con e-parent\" data-id=\"60e6d9ef\" data-element_type=\"container\" data-e-type=\"container\">\n\t\t\t\t\t<div class=\"e-con-inner\">\n\t\t<div class=\"elementor-element elementor-element-793cedcb e-con-full e-flex e-con e-child\" data-id=\"793cedcb\" data-element_type=\"container\" data-e-type=\"container\">\n\t\t<div class=\"elementor-element elementor-element-3cddda88 e-con-full e-flex e-con e-child\" data-id=\"3cddda88\" data-element_type=\"container\" data-e-type=\"container\">\n\t\t\t\t<div class=\"elementor-element elementor-element-3917743a elementor-widget__width-initial elementor-nav-menu--dropdown-none elementor-widget-mobile__width-inherit elementor-widget elementor-widget-nav-menu\" data-id=\"3917743a\" data-element_type=\"widget\" data-e-type=\"widget\" data-settings=\"{&quot;layout&quot;:&quot;vertical&quot;,&quot;sticky&quot;:&quot;top&quot;,&quot;sticky_offset&quot;:24,&quot;sticky_on&quot;:[&quot;desktop&quot;,&quot;tablet&quot;],&quot;sticky_parent&quot;:&quot;yes&quot;,&quot;submenu_icon&quot;:{&quot;value&quot;:&quot;&lt;svg aria-hidden=\\&quot;true\\&quot; class=\\&quot;e-font-icon-svg e-fas-caret-down\\&quot; viewBox=\\&quot;0 0 320 512\\&quot; xmlns=\\&quot;http:\\\/\\\/www.w3.org\\\/2000\\\/svg\\&quot;&gt;&lt;path d=\\&quot;M31.3 192h257.3c17.8 0 26.7 21.5 14.1 34.1L174.1 354.8c-7.8 7.8-20.5 7.8-28.3 0L17.2 226.1C4.6 213.5 13.5 192 31.3 192z\\&quot;&gt;&lt;\\\/path&gt;&lt;\\\/svg&gt;&quot;,&quot;library&quot;:&quot;fa-solid&quot;},&quot;sticky_effects_offset&quot;:0,&quot;sticky_anchor_link_offset&quot;:0}\" data-widget_type=\"nav-menu.default\">\n\t\t\t\t<div class=\"elementor-widget-container\">\n\t\t\t\t\t\t\t\t<nav aria-label=\"Legal Shortcuts\" class=\"elementor-nav-menu--main elementor-nav-menu__container elementor-nav-menu--layout-vertical e--pointer-background e--animation-fade\">\n\t\t\t\t<ul id=\"menu-1-3917743a\" class=\"elementor-nav-menu sm-vertical\"><li class=\"menu-item menu-item-type-post_type menu-item-object-page menu-item-1321\"><a href=\"https:\/\/nect.com\/legal\/imprint\/\" class=\"elementor-item\">Aviso legal<\/a><\/li>\n<li class=\"menu-item menu-item-type-post_type menu-item-object-page menu-item-1322\"><a rel=\"privacy-policy\" href=\"https:\/\/nect.com\/legal\/privacy-policy-website\/\" class=\"elementor-item\">Pol\u00edtica de privacidad del sitio web<\/a><\/li>\n<li class=\"menu-item menu-item-type-post_type menu-item-object-page menu-item-1317\"><a href=\"https:\/\/nect.com\/legal\/privacy-policy-app\/\" class=\"elementor-item\">Aplicaci\u00f3n de protecci\u00f3n de datos<\/a><\/li>\n<li class=\"menu-item menu-item-type-post_type menu-item-object-page menu-item-1318\"><a href=\"https:\/\/nect.com\/legal\/terms\/\" class=\"elementor-item\">T\u00e9rminos y condiciones generales<\/a><\/li>\n<li class=\"menu-item menu-item-type-post_type menu-item-object-page menu-item-1319\"><a href=\"https:\/\/nect.com\/legal\/responsible-disclosure\/\" class=\"elementor-item\">Divulgaci\u00f3n Responsable<\/a><\/li>\n<li class=\"menu-item menu-item-type-post_type menu-item-object-page menu-item-1320\"><a href=\"https:\/\/nect.com\/legal\/legal-notice\/\" class=\"elementor-item\">Avisos legales<\/a><\/li>\n<li class=\"menu-item menu-item-type-custom menu-item-object-custom menu-item-4389\"><a href=\"https:\/\/support.nect.com\/de\/privacy-concern\/\" class=\"elementor-item\">Betroffenenrechte<\/a><\/li>\n<\/ul>\t\t\t<\/nav>\n\t\t\t\t\t\t<nav class=\"elementor-nav-menu--dropdown elementor-nav-menu__container\" aria-hidden=\"true\">\n\t\t\t\t<ul id=\"menu-2-3917743a\" class=\"elementor-nav-menu sm-vertical\"><li class=\"menu-item menu-item-type-post_type menu-item-object-page menu-item-1321\"><a href=\"https:\/\/nect.com\/legal\/imprint\/\" class=\"elementor-item\" tabindex=\"-1\">Aviso legal<\/a><\/li>\n<li class=\"menu-item menu-item-type-post_type menu-item-object-page menu-item-1322\"><a rel=\"privacy-policy\" href=\"https:\/\/nect.com\/legal\/privacy-policy-website\/\" class=\"elementor-item\" tabindex=\"-1\">Pol\u00edtica de privacidad del sitio web<\/a><\/li>\n<li class=\"menu-item menu-item-type-post_type menu-item-object-page menu-item-1317\"><a href=\"https:\/\/nect.com\/legal\/privacy-policy-app\/\" class=\"elementor-item\" tabindex=\"-1\">Aplicaci\u00f3n de protecci\u00f3n de datos<\/a><\/li>\n<li class=\"menu-item menu-item-type-post_type menu-item-object-page menu-item-1318\"><a href=\"https:\/\/nect.com\/legal\/terms\/\" class=\"elementor-item\" tabindex=\"-1\">T\u00e9rminos y condiciones generales<\/a><\/li>\n<li class=\"menu-item menu-item-type-post_type menu-item-object-page menu-item-1319\"><a href=\"https:\/\/nect.com\/legal\/responsible-disclosure\/\" class=\"elementor-item\" tabindex=\"-1\">Divulgaci\u00f3n Responsable<\/a><\/li>\n<li class=\"menu-item menu-item-type-post_type menu-item-object-page menu-item-1320\"><a href=\"https:\/\/nect.com\/legal\/legal-notice\/\" class=\"elementor-item\" tabindex=\"-1\">Avisos legales<\/a><\/li>\n<li class=\"menu-item menu-item-type-custom menu-item-object-custom menu-item-4389\"><a href=\"https:\/\/support.nect.com\/de\/privacy-concern\/\" class=\"elementor-item\" tabindex=\"-1\">Betroffenenrechte<\/a><\/li>\n<\/ul>\t\t\t<\/nav>\n\t\t\t\t\t\t<\/div>\n\t\t\t\t<\/div>\n\t\t\t\t<\/div>\n\t\t\t\t<\/div>\n\t\t<div class=\"elementor-element elementor-element-990549f e-con-full e-flex e-con e-child\" data-id=\"990549f\" data-element_type=\"container\" data-e-type=\"container\" data-settings=\"{&quot;background_background&quot;:&quot;classic&quot;,&quot;background_motion_fx_motion_fx_scrolling&quot;:&quot;yes&quot;,&quot;background_motion_fx_translateY_effect&quot;:&quot;yes&quot;,&quot;background_motion_fx_translateY_direction&quot;:&quot;negative&quot;,&quot;background_motion_fx_translateY_speed&quot;:{&quot;unit&quot;:&quot;px&quot;,&quot;size&quot;:7,&quot;sizes&quot;:[]},&quot;background_motion_fx_translateX_effect&quot;:&quot;yes&quot;,&quot;background_motion_fx_translateX_direction&quot;:&quot;negative&quot;,&quot;background_motion_fx_translateX_speed&quot;:{&quot;unit&quot;:&quot;px&quot;,&quot;size&quot;:2,&quot;sizes&quot;:[]},&quot;background_motion_fx_opacity_effect&quot;:&quot;yes&quot;,&quot;background_motion_fx_opacity_direction&quot;:&quot;in-out&quot;,&quot;background_motion_fx_translateY_affectedRange&quot;:{&quot;unit&quot;:&quot;%&quot;,&quot;size&quot;:&quot;&quot;,&quot;sizes&quot;:{&quot;start&quot;:0,&quot;end&quot;:100}},&quot;background_motion_fx_translateX_affectedRange&quot;:{&quot;unit&quot;:&quot;%&quot;,&quot;size&quot;:&quot;&quot;,&quot;sizes&quot;:{&quot;start&quot;:0,&quot;end&quot;:100}},&quot;background_motion_fx_opacity_level&quot;:{&quot;unit&quot;:&quot;px&quot;,&quot;size&quot;:10,&quot;sizes&quot;:[]},&quot;background_motion_fx_opacity_range&quot;:{&quot;unit&quot;:&quot;%&quot;,&quot;size&quot;:&quot;&quot;,&quot;sizes&quot;:{&quot;start&quot;:20,&quot;end&quot;:80}},&quot;background_motion_fx_devices&quot;:[&quot;desktop&quot;,&quot;tablet&quot;,&quot;mobile&quot;]}\">\n\t\t\t\t<div class=\"elementor-element elementor-element-bbd8130 elementor-widget elementor-widget-heading\" data-id=\"bbd8130\" data-element_type=\"widget\" data-e-type=\"widget\" data-widget_type=\"heading.default\">\n\t\t\t\t<div class=\"elementor-widget-container\">\n\t\t\t\t\t<h2 class=\"elementor-heading-title elementor-size-default\">Notificaci\u00f3n de vulnerabilidades de seguridad<\/h2>\t\t\t\t<\/div>\n\t\t\t\t<\/div>\n\t\t\t\t<div class=\"elementor-element elementor-element-8bed85e elementor-widget elementor-widget-text-editor\" data-id=\"8bed85e\" data-element_type=\"widget\" data-e-type=\"widget\" data-widget_type=\"text-editor.default\">\n\t\t\t\t<div class=\"elementor-widget-container\">\n\t\t\t\t\t\t\t\t\t<p>En Nect, nos tomamos muy en serio la seguridad de nuestros sistemas y datos. Las contribuciones de los investigadores de seguridad y de la comunidad nos ayudan a garantizar la mejor protecci\u00f3n posible a nuestros usuarios y clientes. &nbsp;<\/p>\n<p>Si desea investigar posibles vulnerabilidades en el proceso de identificaci\u00f3n de Nect, necesitar\u00e1 una autorizaci\u00f3n que le concedamos para tal fin. Para obtener una autorizaci\u00f3n, p\u00f3ngase en contacto con nosotros en <a href=\"mailto:spb@nect.com\">spb@nect.com<\/a>. Las autorizaciones se conceden tras una cuidadosa evaluaci\u00f3n en el marco de un proceso de selecci\u00f3n.  <\/p>\n<p>Tenga en cuenta que la falsificaci\u00f3n de identidades y documentos de identificaci\u00f3n puede acarrear consecuencias legales. Para protegerle a usted, a nuestros socios y a los usuarios de la mejor manera posible, es imprescindible una coordinaci\u00f3n precisa con nosotros. <\/p>\n<p>Si descubre una vulnerabilidad de seguridad, le rogamos que nos la notifique de forma responsable (Divulgaci\u00f3n Responsable). Le pedimos que: <\/p>\n<ul>\n<li>\n<p>presente <strong>una descripci\u00f3n detallada de la vulnerabilidad de seguridad<\/strong>, incluyendo informaci\u00f3n sobre el componente afectado, las posibles consecuencias y todos los pasos para la reproducci\u00f3n.<\/p>\n<\/li>\n<li>\n<p><strong>se abstenga de publicar la vulnerabilidad<\/strong> hasta que hayamos tenido un per\u00edodo de tiempo razonable para solucionar el problema.<\/p>\n<\/li>\n<\/ul>\t\t\t\t\t\t\t\t<\/div>\n\t\t\t\t<\/div>\n\t\t\t\t<div class=\"elementor-element elementor-element-43d8f4f elementor-widget elementor-widget-heading\" data-id=\"43d8f4f\" data-element_type=\"widget\" data-e-type=\"widget\" data-widget_type=\"heading.default\">\n\t\t\t\t<div class=\"elementor-widget-container\">\n\t\t\t\t\t<h2 class=\"elementor-heading-title elementor-size-default\">Procedimiento de notificaci\u00f3n<\/h2>\t\t\t\t<\/div>\n\t\t\t\t<\/div>\n\t\t\t\t<div class=\"elementor-element elementor-element-e668302 elementor-widget elementor-widget-text-editor\" data-id=\"e668302\" data-element_type=\"widget\" data-e-type=\"widget\" data-widget_type=\"text-editor.default\">\n\t\t\t\t<div class=\"elementor-widget-container\">\n\t\t\t\t\t\t\t\t\t<p>Para notificar una vulnerabilidad de seguridad, env\u00ede un correo electr\u00f3nico a:<\/p><p><a href=\"mailto:spb@nect.com\">spb@nect.com<\/a><\/p><p>Nuestro equipo de seguridad se pondr\u00e1 en contacto con usted en un plazo de 10 d\u00edas h\u00e1biles y confirmar\u00e1 los detalles de la vulnerabilidad.<\/p>\t\t\t\t\t\t\t\t<\/div>\n\t\t\t\t<\/div>\n\t\t\t\t<\/div>\n\t\t\t\t\t<\/div>\n\t\t\t\t<\/div>\n\t\t\t\t<\/div>\n\t\t","protected":false},"excerpt":{"rendered":"<p>Notificaci\u00f3n de vulnerabilidades de seguridad En Nect, nos tomamos muy en serio la seguridad de nuestros sistemas y datos. Las contribuciones de los investigadores de seguridad y de la comunidad [&hellip;]<\/p>\n","protected":false},"author":1,"featured_media":0,"parent":3991,"menu_order":0,"comment_status":"closed","ping_status":"closed","template":"","meta":{"footnotes":""},"class_list":["post-3839","page","type-page","status-publish","hentry"],"yoast_head":"<!-- This site is optimized with the Yoast SEO plugin v27.2 - https:\/\/yoast.com\/product\/yoast-seo-wordpress\/ -->\n<title>Divulgaci\u00f3n Responsable - Nect<\/title>\n<meta name=\"robots\" content=\"index, follow, max-snippet:-1, max-image-preview:large, max-video-preview:-1\" \/>\n<link rel=\"canonical\" href=\"https:\/\/nect.com\/es\/legal\/divulgacion-responsable\/\" \/>\n<meta property=\"og:locale\" content=\"es_ES\" \/>\n<meta property=\"og:type\" content=\"article\" \/>\n<meta property=\"og:title\" content=\"Divulgaci\u00f3n Responsable - Nect\" \/>\n<meta property=\"og:description\" content=\"Notificaci\u00f3n de vulnerabilidades de seguridad En Nect, nos tomamos muy en serio la seguridad de nuestros sistemas y datos. Las contribuciones de los investigadores de seguridad y de la comunidad [&hellip;]\" \/>\n<meta property=\"og:url\" content=\"https:\/\/nect.com\/es\/legal\/divulgacion-responsable\/\" \/>\n<meta property=\"og:site_name\" content=\"Nect\" \/>\n<meta property=\"article:publisher\" content=\"https:\/\/www.facebook.com\/NiceToNectYou\/\" \/>\n<meta property=\"article:modified_time\" content=\"2026-01-28T15:39:43+00:00\" \/>\n<meta name=\"twitter:card\" content=\"summary_large_image\" \/>\n<meta name=\"twitter:site\" content=\"@nicetonectyou\" \/>\n<meta name=\"twitter:label1\" content=\"Tiempo de lectura\" \/>\n\t<meta name=\"twitter:data1\" content=\"1 minuto\" \/>\n<script type=\"application\/ld+json\" class=\"yoast-schema-graph\">{\"@context\":\"https:\/\/schema.org\",\"@graph\":[{\"@type\":\"WebPage\",\"@id\":\"https:\/\/nect.com\/es\/legal\/divulgacion-responsable\/\",\"url\":\"https:\/\/nect.com\/es\/legal\/divulgacion-responsable\/\",\"name\":\"Divulgaci\u00f3n Responsable - Nect\",\"isPartOf\":{\"@id\":\"https:\/\/nect.com\/es\/#website\"},\"datePublished\":\"2025-06-19T10:00:10+00:00\",\"dateModified\":\"2026-01-28T15:39:43+00:00\",\"breadcrumb\":{\"@id\":\"https:\/\/nect.com\/es\/legal\/divulgacion-responsable\/#breadcrumb\"},\"inLanguage\":\"es\",\"potentialAction\":[{\"@type\":\"ReadAction\",\"target\":[\"https:\/\/nect.com\/es\/legal\/divulgacion-responsable\/\"]}]},{\"@type\":\"BreadcrumbList\",\"@id\":\"https:\/\/nect.com\/es\/legal\/divulgacion-responsable\/#breadcrumb\",\"itemListElement\":[{\"@type\":\"ListItem\",\"position\":1,\"name\":\"Startseite\",\"item\":\"https:\/\/nect.com\/es\/\"},{\"@type\":\"ListItem\",\"position\":2,\"name\":\"Legal\",\"item\":\"https:\/\/nect.com\/es\/legal\/\"},{\"@type\":\"ListItem\",\"position\":3,\"name\":\"Divulgaci\u00f3n Responsable\"}]},{\"@type\":\"WebSite\",\"@id\":\"https:\/\/nect.com\/es\/#website\",\"url\":\"https:\/\/nect.com\/es\/\",\"name\":\"Nect\",\"description\":\"Built for the future of digital identity.\",\"publisher\":{\"@id\":\"https:\/\/nect.com\/es\/#organization\"},\"potentialAction\":[{\"@type\":\"SearchAction\",\"target\":{\"@type\":\"EntryPoint\",\"urlTemplate\":\"https:\/\/nect.com\/es\/?s={search_term_string}\"},\"query-input\":{\"@type\":\"PropertyValueSpecification\",\"valueRequired\":true,\"valueName\":\"search_term_string\"}}],\"inLanguage\":\"es\"},{\"@type\":\"Organization\",\"@id\":\"https:\/\/nect.com\/es\/#organization\",\"name\":\"Nect\",\"url\":\"https:\/\/nect.com\/es\/\",\"logo\":{\"@type\":\"ImageObject\",\"inLanguage\":\"es\",\"@id\":\"https:\/\/nect.com\/es\/#\/schema\/logo\/image\/\",\"url\":\"https:\/\/nect.com\/wp-content\/uploads\/2025\/05\/Nect_favicon_App.svg\",\"contentUrl\":\"https:\/\/nect.com\/wp-content\/uploads\/2025\/05\/Nect_favicon_App.svg\",\"width\":512,\"height\":512,\"caption\":\"Nect\"},\"image\":{\"@id\":\"https:\/\/nect.com\/es\/#\/schema\/logo\/image\/\"},\"sameAs\":[\"https:\/\/www.facebook.com\/NiceToNectYou\/\",\"https:\/\/x.com\/nicetonectyou\",\"https:\/\/www.instagram.com\/nect\/\",\"https:\/\/vimeo.com\/nect\/\",\"https:\/\/www.linkedin.com\/company\/nect.com\"]}]}<\/script>\n<!-- \/ Yoast SEO plugin. -->","yoast_head_json":{"title":"Divulgaci\u00f3n Responsable - Nect","robots":{"index":"index","follow":"follow","max-snippet":"max-snippet:-1","max-image-preview":"max-image-preview:large","max-video-preview":"max-video-preview:-1"},"canonical":"https:\/\/nect.com\/es\/legal\/divulgacion-responsable\/","og_locale":"es_ES","og_type":"article","og_title":"Divulgaci\u00f3n Responsable - Nect","og_description":"Notificaci\u00f3n de vulnerabilidades de seguridad En Nect, nos tomamos muy en serio la seguridad de nuestros sistemas y datos. Las contribuciones de los investigadores de seguridad y de la comunidad [&hellip;]","og_url":"https:\/\/nect.com\/es\/legal\/divulgacion-responsable\/","og_site_name":"Nect","article_publisher":"https:\/\/www.facebook.com\/NiceToNectYou\/","article_modified_time":"2026-01-28T15:39:43+00:00","twitter_card":"summary_large_image","twitter_site":"@nicetonectyou","twitter_misc":{"Tiempo de lectura":"1 minuto"},"schema":{"@context":"https:\/\/schema.org","@graph":[{"@type":"WebPage","@id":"https:\/\/nect.com\/es\/legal\/divulgacion-responsable\/","url":"https:\/\/nect.com\/es\/legal\/divulgacion-responsable\/","name":"Divulgaci\u00f3n Responsable - Nect","isPartOf":{"@id":"https:\/\/nect.com\/es\/#website"},"datePublished":"2025-06-19T10:00:10+00:00","dateModified":"2026-01-28T15:39:43+00:00","breadcrumb":{"@id":"https:\/\/nect.com\/es\/legal\/divulgacion-responsable\/#breadcrumb"},"inLanguage":"es","potentialAction":[{"@type":"ReadAction","target":["https:\/\/nect.com\/es\/legal\/divulgacion-responsable\/"]}]},{"@type":"BreadcrumbList","@id":"https:\/\/nect.com\/es\/legal\/divulgacion-responsable\/#breadcrumb","itemListElement":[{"@type":"ListItem","position":1,"name":"Startseite","item":"https:\/\/nect.com\/es\/"},{"@type":"ListItem","position":2,"name":"Legal","item":"https:\/\/nect.com\/es\/legal\/"},{"@type":"ListItem","position":3,"name":"Divulgaci\u00f3n Responsable"}]},{"@type":"WebSite","@id":"https:\/\/nect.com\/es\/#website","url":"https:\/\/nect.com\/es\/","name":"Nect","description":"Built for the future of digital identity.","publisher":{"@id":"https:\/\/nect.com\/es\/#organization"},"potentialAction":[{"@type":"SearchAction","target":{"@type":"EntryPoint","urlTemplate":"https:\/\/nect.com\/es\/?s={search_term_string}"},"query-input":{"@type":"PropertyValueSpecification","valueRequired":true,"valueName":"search_term_string"}}],"inLanguage":"es"},{"@type":"Organization","@id":"https:\/\/nect.com\/es\/#organization","name":"Nect","url":"https:\/\/nect.com\/es\/","logo":{"@type":"ImageObject","inLanguage":"es","@id":"https:\/\/nect.com\/es\/#\/schema\/logo\/image\/","url":"https:\/\/nect.com\/wp-content\/uploads\/2025\/05\/Nect_favicon_App.svg","contentUrl":"https:\/\/nect.com\/wp-content\/uploads\/2025\/05\/Nect_favicon_App.svg","width":512,"height":512,"caption":"Nect"},"image":{"@id":"https:\/\/nect.com\/es\/#\/schema\/logo\/image\/"},"sameAs":["https:\/\/www.facebook.com\/NiceToNectYou\/","https:\/\/x.com\/nicetonectyou","https:\/\/www.instagram.com\/nect\/","https:\/\/vimeo.com\/nect\/","https:\/\/www.linkedin.com\/company\/nect.com"]}]}},"_links":{"self":[{"href":"https:\/\/nect.com\/es\/wp-json\/wp\/v2\/pages\/3839","targetHints":{"allow":["GET"]}}],"collection":[{"href":"https:\/\/nect.com\/es\/wp-json\/wp\/v2\/pages"}],"about":[{"href":"https:\/\/nect.com\/es\/wp-json\/wp\/v2\/types\/page"}],"author":[{"embeddable":true,"href":"https:\/\/nect.com\/es\/wp-json\/wp\/v2\/users\/1"}],"replies":[{"embeddable":true,"href":"https:\/\/nect.com\/es\/wp-json\/wp\/v2\/comments?post=3839"}],"version-history":[{"count":2,"href":"https:\/\/nect.com\/es\/wp-json\/wp\/v2\/pages\/3839\/revisions"}],"predecessor-version":[{"id":5543,"href":"https:\/\/nect.com\/es\/wp-json\/wp\/v2\/pages\/3839\/revisions\/5543"}],"up":[{"embeddable":true,"href":"https:\/\/nect.com\/es\/wp-json\/wp\/v2\/pages\/3991"}],"wp:attachment":[{"href":"https:\/\/nect.com\/es\/wp-json\/wp\/v2\/media?parent=3839"}],"curies":[{"name":"wp","href":"https:\/\/api.w.org\/{rel}","templated":true}]}}