{"id":3992,"date":"2025-06-19T11:55:44","date_gmt":"2025-06-19T09:55:44","guid":{"rendered":"https:\/\/nect.com\/legal\/avisos-legales\/"},"modified":"2025-09-17T15:30:37","modified_gmt":"2025-09-17T13:30:37","slug":"avisos-legales","status":"publish","type":"page","link":"https:\/\/nect.com\/es\/legal\/avisos-legales\/","title":{"rendered":"Avisos legales"},"content":{"rendered":"\t\t<div data-elementor-type=\"wp-page\" data-elementor-id=\"3992\" class=\"elementor elementor-3992 elementor-1135\" data-elementor-post-type=\"page\">\n\t\t\t\t<div class=\"elementor-element elementor-element-67626c18 e-flex e-con-boxed e-con e-parent\" data-id=\"67626c18\" data-element_type=\"container\" data-e-type=\"container\" data-settings=\"{&quot;background_background&quot;:&quot;classic&quot;}\">\n\t\t\t\t\t<div class=\"e-con-inner\">\n\t\t\t\t\t<\/div>\n\t\t\t\t<\/div>\n\t\t<div class=\"elementor-element elementor-element-72618567 e-flex e-con-boxed e-con e-parent\" data-id=\"72618567\" data-element_type=\"container\" data-e-type=\"container\">\n\t\t\t\t\t<div class=\"e-con-inner\">\n\t\t<div class=\"elementor-element elementor-element-57891fc6 e-con-full e-flex e-con e-child\" data-id=\"57891fc6\" data-element_type=\"container\" data-e-type=\"container\">\n\t\t<div class=\"elementor-element elementor-element-71437ee9 e-con-full e-flex e-con e-child\" data-id=\"71437ee9\" data-element_type=\"container\" data-e-type=\"container\">\n\t\t\t\t<div class=\"elementor-element elementor-element-9e47a44 elementor-widget__width-inherit elementor-nav-menu--dropdown-none elementor-widget-mobile__width-inherit elementor-widget elementor-widget-nav-menu\" data-id=\"9e47a44\" data-element_type=\"widget\" data-e-type=\"widget\" data-settings=\"{&quot;layout&quot;:&quot;vertical&quot;,&quot;sticky&quot;:&quot;top&quot;,&quot;sticky_offset&quot;:24,&quot;sticky_on&quot;:[&quot;desktop&quot;,&quot;tablet&quot;],&quot;sticky_parent&quot;:&quot;yes&quot;,&quot;submenu_icon&quot;:{&quot;value&quot;:&quot;&lt;svg aria-hidden=\\&quot;true\\&quot; class=\\&quot;e-font-icon-svg e-fas-caret-down\\&quot; viewBox=\\&quot;0 0 320 512\\&quot; xmlns=\\&quot;http:\\\/\\\/www.w3.org\\\/2000\\\/svg\\&quot;&gt;&lt;path d=\\&quot;M31.3 192h257.3c17.8 0 26.7 21.5 14.1 34.1L174.1 354.8c-7.8 7.8-20.5 7.8-28.3 0L17.2 226.1C4.6 213.5 13.5 192 31.3 192z\\&quot;&gt;&lt;\\\/path&gt;&lt;\\\/svg&gt;&quot;,&quot;library&quot;:&quot;fa-solid&quot;},&quot;sticky_effects_offset&quot;:0,&quot;sticky_anchor_link_offset&quot;:0}\" data-widget_type=\"nav-menu.default\">\n\t\t\t\t<div class=\"elementor-widget-container\">\n\t\t\t\t\t\t\t\t<nav aria-label=\"Legal Shortcuts\" class=\"elementor-nav-menu--main elementor-nav-menu__container elementor-nav-menu--layout-vertical e--pointer-background e--animation-fade\">\n\t\t\t\t<ul id=\"menu-1-9e47a44\" class=\"elementor-nav-menu sm-vertical\"><li class=\"menu-item menu-item-type-post_type menu-item-object-page menu-item-1321\"><a href=\"https:\/\/nect.com\/legal\/imprint\/\" class=\"elementor-item\">Aviso legal<\/a><\/li>\n<li class=\"menu-item menu-item-type-post_type menu-item-object-page menu-item-1322\"><a rel=\"privacy-policy\" href=\"https:\/\/nect.com\/legal\/privacy-policy-website\/\" class=\"elementor-item\">Pol\u00edtica de privacidad del sitio web<\/a><\/li>\n<li class=\"menu-item menu-item-type-post_type menu-item-object-page menu-item-1317\"><a href=\"https:\/\/nect.com\/legal\/privacy-policy-app\/\" class=\"elementor-item\">Aplicaci\u00f3n de protecci\u00f3n de datos<\/a><\/li>\n<li class=\"menu-item menu-item-type-post_type menu-item-object-page menu-item-1318\"><a href=\"https:\/\/nect.com\/legal\/terms\/\" class=\"elementor-item\">T\u00e9rminos y condiciones generales<\/a><\/li>\n<li class=\"menu-item menu-item-type-post_type menu-item-object-page menu-item-1319\"><a href=\"https:\/\/nect.com\/legal\/responsible-disclosure\/\" class=\"elementor-item\">Divulgaci\u00f3n Responsable<\/a><\/li>\n<li class=\"menu-item menu-item-type-post_type menu-item-object-page menu-item-1320\"><a href=\"https:\/\/nect.com\/legal\/legal-notice\/\" class=\"elementor-item\">Avisos legales<\/a><\/li>\n<li class=\"menu-item menu-item-type-custom menu-item-object-custom menu-item-4389\"><a href=\"https:\/\/support.nect.com\/de\/privacy-concern\/\" class=\"elementor-item\">Betroffenenrechte<\/a><\/li>\n<\/ul>\t\t\t<\/nav>\n\t\t\t\t\t\t<nav class=\"elementor-nav-menu--dropdown elementor-nav-menu__container\" aria-hidden=\"true\">\n\t\t\t\t<ul id=\"menu-2-9e47a44\" class=\"elementor-nav-menu sm-vertical\"><li class=\"menu-item menu-item-type-post_type menu-item-object-page menu-item-1321\"><a href=\"https:\/\/nect.com\/legal\/imprint\/\" class=\"elementor-item\" tabindex=\"-1\">Aviso legal<\/a><\/li>\n<li class=\"menu-item menu-item-type-post_type menu-item-object-page menu-item-1322\"><a rel=\"privacy-policy\" href=\"https:\/\/nect.com\/legal\/privacy-policy-website\/\" class=\"elementor-item\" tabindex=\"-1\">Pol\u00edtica de privacidad del sitio web<\/a><\/li>\n<li class=\"menu-item menu-item-type-post_type menu-item-object-page menu-item-1317\"><a href=\"https:\/\/nect.com\/legal\/privacy-policy-app\/\" class=\"elementor-item\" tabindex=\"-1\">Aplicaci\u00f3n de protecci\u00f3n de datos<\/a><\/li>\n<li class=\"menu-item menu-item-type-post_type menu-item-object-page menu-item-1318\"><a href=\"https:\/\/nect.com\/legal\/terms\/\" class=\"elementor-item\" tabindex=\"-1\">T\u00e9rminos y condiciones generales<\/a><\/li>\n<li class=\"menu-item menu-item-type-post_type menu-item-object-page menu-item-1319\"><a href=\"https:\/\/nect.com\/legal\/responsible-disclosure\/\" class=\"elementor-item\" tabindex=\"-1\">Divulgaci\u00f3n Responsable<\/a><\/li>\n<li class=\"menu-item menu-item-type-post_type menu-item-object-page menu-item-1320\"><a href=\"https:\/\/nect.com\/legal\/legal-notice\/\" class=\"elementor-item\" tabindex=\"-1\">Avisos legales<\/a><\/li>\n<li class=\"menu-item menu-item-type-custom menu-item-object-custom menu-item-4389\"><a href=\"https:\/\/support.nect.com\/de\/privacy-concern\/\" class=\"elementor-item\" tabindex=\"-1\">Betroffenenrechte<\/a><\/li>\n<\/ul>\t\t\t<\/nav>\n\t\t\t\t\t\t<\/div>\n\t\t\t\t<\/div>\n\t\t\t\t<\/div>\n\t\t\t\t<\/div>\n\t\t<div class=\"elementor-element elementor-element-990549f e-con-full e-flex e-con e-child\" data-id=\"990549f\" data-element_type=\"container\" data-e-type=\"container\" data-settings=\"{&quot;background_background&quot;:&quot;classic&quot;,&quot;background_motion_fx_motion_fx_scrolling&quot;:&quot;yes&quot;,&quot;background_motion_fx_translateY_effect&quot;:&quot;yes&quot;,&quot;background_motion_fx_translateY_direction&quot;:&quot;negative&quot;,&quot;background_motion_fx_translateY_speed&quot;:{&quot;unit&quot;:&quot;px&quot;,&quot;size&quot;:7,&quot;sizes&quot;:[]},&quot;background_motion_fx_translateX_effect&quot;:&quot;yes&quot;,&quot;background_motion_fx_translateX_direction&quot;:&quot;negative&quot;,&quot;background_motion_fx_translateX_speed&quot;:{&quot;unit&quot;:&quot;px&quot;,&quot;size&quot;:2,&quot;sizes&quot;:[]},&quot;background_motion_fx_opacity_effect&quot;:&quot;yes&quot;,&quot;background_motion_fx_opacity_direction&quot;:&quot;in-out&quot;,&quot;background_motion_fx_translateY_affectedRange&quot;:{&quot;unit&quot;:&quot;%&quot;,&quot;size&quot;:&quot;&quot;,&quot;sizes&quot;:{&quot;start&quot;:0,&quot;end&quot;:100}},&quot;background_motion_fx_translateX_affectedRange&quot;:{&quot;unit&quot;:&quot;%&quot;,&quot;size&quot;:&quot;&quot;,&quot;sizes&quot;:{&quot;start&quot;:0,&quot;end&quot;:100}},&quot;background_motion_fx_opacity_level&quot;:{&quot;unit&quot;:&quot;px&quot;,&quot;size&quot;:10,&quot;sizes&quot;:[]},&quot;background_motion_fx_opacity_range&quot;:{&quot;unit&quot;:&quot;%&quot;,&quot;size&quot;:&quot;&quot;,&quot;sizes&quot;:{&quot;start&quot;:20,&quot;end&quot;:80}},&quot;background_motion_fx_devices&quot;:[&quot;desktop&quot;,&quot;tablet&quot;,&quot;mobile&quot;]}\">\n\t\t\t\t<div class=\"elementor-element elementor-element-bbd8130 elementor-widget elementor-widget-heading\" data-id=\"bbd8130\" data-element_type=\"widget\" data-e-type=\"widget\" data-widget_type=\"heading.default\">\n\t\t\t\t<div class=\"elementor-widget-container\">\n\t\t\t\t\t<h2 class=\"elementor-heading-title elementor-size-default\">Generalidades<\/h2>\t\t\t\t<\/div>\n\t\t\t\t<\/div>\n\t\t\t\t<div class=\"elementor-element elementor-element-8bed85e elementor-widget elementor-widget-text-editor\" data-id=\"8bed85e\" data-element_type=\"widget\" data-e-type=\"widget\" data-widget_type=\"text-editor.default\">\n\t\t\t\t<div class=\"elementor-widget-container\">\n\t\t\t\t\t\t\t\t\t<p class=\"legal-section_body\">Gracias por utilizar nuestro sitio web. La informaci\u00f3n y los datos disponibles en este sitio web se proporcionan \u00fanicamente con fines informativos. Nos esforzamos por ofrecerle solo informaci\u00f3n correcta y actualizada en nuestro sitio web, y hemos revisado la informaci\u00f3n a nuestro leal saber y entender; sin embargo, a pesar de toda la diligencia, no podemos descartar por completo la existencia de errores o inexactitudes. Tenga esto en cuenta al utilizar la informaci\u00f3n.   <\/p>\t\t\t\t\t\t\t\t<\/div>\n\t\t\t\t<\/div>\n\t\t\t\t<div class=\"elementor-element elementor-element-43d8f4f elementor-widget elementor-widget-heading\" data-id=\"43d8f4f\" data-element_type=\"widget\" data-e-type=\"widget\" data-widget_type=\"heading.default\">\n\t\t\t\t<div class=\"elementor-widget-container\">\n\t\t\t\t\t<h2 class=\"elementor-heading-title elementor-size-default\">Contenido ajeno<\/h2>\t\t\t\t<\/div>\n\t\t\t\t<\/div>\n\t\t\t\t<div class=\"elementor-element elementor-element-e668302 elementor-widget elementor-widget-text-editor\" data-id=\"e668302\" data-element_type=\"widget\" data-e-type=\"widget\" data-widget_type=\"text-editor.default\">\n\t\t\t\t<div class=\"elementor-widget-container\">\n\t\t\t\t\t\t\t\t\t<p class=\"legal-section_body\">El sitio web puede contener referencias a sitios web ajenos (enlaces). Estos sitios web enlazados son contenidos de terceros que no adoptamos como propios. Los contenidos enlazados son revisados por nosotros al establecer el enlace, pero no tenemos ninguna influencia sobre la configuraci\u00f3n futura de los sitios web enlazados y sus contenidos. Por lo tanto, se excluye cualquier responsabilidad por dichos contenidos, salvo en los casos legalmente obligatorios.   <\/p>\t\t\t\t\t\t\t\t<\/div>\n\t\t\t\t<\/div>\n\t\t\t\t<div class=\"elementor-element elementor-element-7b8d5c9 elementor-widget elementor-widget-heading\" data-id=\"7b8d5c9\" data-element_type=\"widget\" data-e-type=\"widget\" data-widget_type=\"heading.default\">\n\t\t\t\t<div class=\"elementor-widget-container\">\n\t\t\t\t\t<h2 class=\"elementor-heading-title elementor-size-default\">Derechos de autor<\/h2>\t\t\t\t<\/div>\n\t\t\t\t<\/div>\n\t\t\t\t<div class=\"elementor-element elementor-element-c33fee4 elementor-widget elementor-widget-text-editor\" data-id=\"c33fee4\" data-element_type=\"widget\" data-e-type=\"widget\" data-widget_type=\"text-editor.default\">\n\t\t\t\t<div class=\"elementor-widget-container\">\n\t\t\t\t\t\t\t\t\t<p class=\"legal-section_body\">Los contenidos de la oferta de Internet de este sitio web (en particular, textos y gr\u00e1ficos, as\u00ed como fotos, secuencias de audio y v\u00eddeo) est\u00e1n protegidos por derechos de autor. La reproducci\u00f3n o el uso de estos contenidos o de partes de los mismos no est\u00e1 permitida sin nuestra expresa autorizaci\u00f3n. Los derechos de las marcas utilizadas dentro de esta oferta de Internet pertenecen a nosotros o a sus respectivos propietarios o licenciatarios.  <\/p><p class=\"legal-section_body\">En la medida en que los contenidos de esta p\u00e1gina no hayan sido creados por nosotros, se respetan los derechos de autor de terceros y sus marcas. En particular, los contenidos de terceros se identifican como tales. No obstante, si observa una infracci\u00f3n de los derechos de autor, le rogamos que nos lo comunique. En caso de que tengamos conocimiento de alguna infracci\u00f3n de la ley, eliminaremos dichos contenidos de inmediato.   <\/p>\t\t\t\t\t\t\t\t<\/div>\n\t\t\t\t<\/div>\n\t\t\t\t<div class=\"elementor-element elementor-element-c48c639 elementor-widget elementor-widget-heading\" data-id=\"c48c639\" data-element_type=\"widget\" data-e-type=\"widget\" data-widget_type=\"heading.default\">\n\t\t\t\t<div class=\"elementor-widget-container\">\n\t\t\t\t\t<h2 class=\"elementor-heading-title elementor-size-default\">Sin publicidad<\/h2>\t\t\t\t<\/div>\n\t\t\t\t<\/div>\n\t\t\t\t<div class=\"elementor-element elementor-element-50352f1 elementor-widget elementor-widget-text-editor\" data-id=\"50352f1\" data-element_type=\"widget\" data-e-type=\"widget\" data-widget_type=\"text-editor.default\">\n\t\t\t\t<div class=\"elementor-widget-container\">\n\t\t\t\t\t\t\t\t\t<div class=\"container first_after_navbar\"><section class=\"legal-section\"><p class=\"legal-section_body\">No est\u00e1 permitido el uso de los datos de contacto publicados por nosotros en el marco del aviso legal o de informaci\u00f3n comparable, como direcciones postales y n\u00fameros de tel\u00e9fono, as\u00ed como direcciones de correo electr\u00f3nico, para el env\u00edo de informaci\u00f3n no solicitada expresamente (publicidad).<\/p><\/section><\/div>\t\t\t\t\t\t\t\t<\/div>\n\t\t\t\t<\/div>\n\t\t\t\t<div class=\"elementor-element elementor-element-e4dac50 elementor-widget elementor-widget-heading\" data-id=\"e4dac50\" data-element_type=\"widget\" data-e-type=\"widget\" data-widget_type=\"heading.default\">\n\t\t\t\t<div class=\"elementor-widget-container\">\n\t\t\t\t\t<h2 class=\"elementor-heading-title elementor-size-default\">Portal de denunciantes<\/h2>\t\t\t\t<\/div>\n\t\t\t\t<\/div>\n\t\t\t\t<div class=\"elementor-element elementor-element-dfbf96e elementor-widget elementor-widget-text-editor\" data-id=\"dfbf96e\" data-element_type=\"widget\" data-e-type=\"widget\" data-widget_type=\"text-editor.default\">\n\t\t\t\t<div class=\"elementor-widget-container\">\n\t\t\t\t\t\t\t\t\t<p>\u00bfDesea informar sobre irregularidades o infracciones de las normas? A trav\u00e9s de nuestro portal de denunciantes puede presentar una denuncia de forma confidencial y an\u00f3nima. <a href=\"https:\/\/app.kenjo.io\/whistleblower\/c2a7efb6d5a57596566635f7b4b397a28c2caf988a905b346c8e690e7bfab09e\">Aqu\u00ed<\/a> puede acceder al portal de denunciantes. <\/p>\t\t\t\t\t\t\t\t<\/div>\n\t\t\t\t<\/div>\n\t\t\t\t<\/div>\n\t\t\t\t\t<\/div>\n\t\t\t\t<\/div>\n\t\t\t\t<\/div>\n\t\t","protected":false},"excerpt":{"rendered":"<p>Generalidades Gracias por utilizar nuestro sitio web. La informaci\u00f3n y los datos disponibles en este sitio web se proporcionan \u00fanicamente con fines informativos. Nos esforzamos por ofrecerle solo informaci\u00f3n correcta [&hellip;]<\/p>\n","protected":false},"author":1,"featured_media":0,"parent":3991,"menu_order":0,"comment_status":"closed","ping_status":"closed","template":"","meta":{"footnotes":""},"class_list":["post-3992","page","type-page","status-publish","hentry"],"yoast_head":"<!-- This site is optimized with the Yoast SEO plugin v27.2 - https:\/\/yoast.com\/product\/yoast-seo-wordpress\/ -->\n<title>Avisos legales - Nect<\/title>\n<meta name=\"robots\" content=\"index, follow, max-snippet:-1, max-image-preview:large, max-video-preview:-1\" \/>\n<link rel=\"canonical\" href=\"https:\/\/nect.com\/es\/legal\/avisos-legales\/\" \/>\n<meta property=\"og:locale\" content=\"es_ES\" \/>\n<meta property=\"og:type\" content=\"article\" \/>\n<meta property=\"og:title\" content=\"Avisos legales - Nect\" \/>\n<meta property=\"og:description\" content=\"Generalidades Gracias por utilizar nuestro sitio web. La informaci\u00f3n y los datos disponibles en este sitio web se proporcionan \u00fanicamente con fines informativos. Nos esforzamos por ofrecerle solo informaci\u00f3n correcta [&hellip;]\" \/>\n<meta property=\"og:url\" content=\"https:\/\/nect.com\/es\/legal\/avisos-legales\/\" \/>\n<meta property=\"og:site_name\" content=\"Nect\" \/>\n<meta property=\"article:publisher\" content=\"https:\/\/www.facebook.com\/NiceToNectYou\/\" \/>\n<meta property=\"article:modified_time\" content=\"2025-09-17T13:30:37+00:00\" \/>\n<meta name=\"twitter:card\" content=\"summary_large_image\" \/>\n<meta name=\"twitter:site\" content=\"@nicetonectyou\" \/>\n<meta name=\"twitter:label1\" content=\"Tiempo de lectura\" \/>\n\t<meta name=\"twitter:data1\" content=\"2 minutos\" \/>\n<script type=\"application\/ld+json\" class=\"yoast-schema-graph\">{\"@context\":\"https:\/\/schema.org\",\"@graph\":[{\"@type\":\"WebPage\",\"@id\":\"https:\/\/nect.com\/es\/legal\/avisos-legales\/\",\"url\":\"https:\/\/nect.com\/es\/legal\/avisos-legales\/\",\"name\":\"Avisos legales - Nect\",\"isPartOf\":{\"@id\":\"https:\/\/nect.com\/es\/#website\"},\"datePublished\":\"2025-06-19T09:55:44+00:00\",\"dateModified\":\"2025-09-17T13:30:37+00:00\",\"breadcrumb\":{\"@id\":\"https:\/\/nect.com\/es\/legal\/avisos-legales\/#breadcrumb\"},\"inLanguage\":\"es\",\"potentialAction\":[{\"@type\":\"ReadAction\",\"target\":[\"https:\/\/nect.com\/es\/legal\/avisos-legales\/\"]}]},{\"@type\":\"BreadcrumbList\",\"@id\":\"https:\/\/nect.com\/es\/legal\/avisos-legales\/#breadcrumb\",\"itemListElement\":[{\"@type\":\"ListItem\",\"position\":1,\"name\":\"Startseite\",\"item\":\"https:\/\/nect.com\/es\/\"},{\"@type\":\"ListItem\",\"position\":2,\"name\":\"Legal\",\"item\":\"https:\/\/nect.com\/es\/legal\/\"},{\"@type\":\"ListItem\",\"position\":3,\"name\":\"Avisos legales\"}]},{\"@type\":\"WebSite\",\"@id\":\"https:\/\/nect.com\/es\/#website\",\"url\":\"https:\/\/nect.com\/es\/\",\"name\":\"Nect\",\"description\":\"Built for the future of digital identity.\",\"publisher\":{\"@id\":\"https:\/\/nect.com\/es\/#organization\"},\"potentialAction\":[{\"@type\":\"SearchAction\",\"target\":{\"@type\":\"EntryPoint\",\"urlTemplate\":\"https:\/\/nect.com\/es\/?s={search_term_string}\"},\"query-input\":{\"@type\":\"PropertyValueSpecification\",\"valueRequired\":true,\"valueName\":\"search_term_string\"}}],\"inLanguage\":\"es\"},{\"@type\":\"Organization\",\"@id\":\"https:\/\/nect.com\/es\/#organization\",\"name\":\"Nect\",\"url\":\"https:\/\/nect.com\/es\/\",\"logo\":{\"@type\":\"ImageObject\",\"inLanguage\":\"es\",\"@id\":\"https:\/\/nect.com\/es\/#\/schema\/logo\/image\/\",\"url\":\"https:\/\/nect.com\/wp-content\/uploads\/2025\/05\/Nect_favicon_App.svg\",\"contentUrl\":\"https:\/\/nect.com\/wp-content\/uploads\/2025\/05\/Nect_favicon_App.svg\",\"width\":512,\"height\":512,\"caption\":\"Nect\"},\"image\":{\"@id\":\"https:\/\/nect.com\/es\/#\/schema\/logo\/image\/\"},\"sameAs\":[\"https:\/\/www.facebook.com\/NiceToNectYou\/\",\"https:\/\/x.com\/nicetonectyou\",\"https:\/\/www.instagram.com\/nect\/\",\"https:\/\/vimeo.com\/nect\/\",\"https:\/\/www.linkedin.com\/company\/nect.com\"]}]}<\/script>\n<!-- \/ Yoast SEO plugin. -->","yoast_head_json":{"title":"Avisos legales - Nect","robots":{"index":"index","follow":"follow","max-snippet":"max-snippet:-1","max-image-preview":"max-image-preview:large","max-video-preview":"max-video-preview:-1"},"canonical":"https:\/\/nect.com\/es\/legal\/avisos-legales\/","og_locale":"es_ES","og_type":"article","og_title":"Avisos legales - Nect","og_description":"Generalidades Gracias por utilizar nuestro sitio web. La informaci\u00f3n y los datos disponibles en este sitio web se proporcionan \u00fanicamente con fines informativos. Nos esforzamos por ofrecerle solo informaci\u00f3n correcta [&hellip;]","og_url":"https:\/\/nect.com\/es\/legal\/avisos-legales\/","og_site_name":"Nect","article_publisher":"https:\/\/www.facebook.com\/NiceToNectYou\/","article_modified_time":"2025-09-17T13:30:37+00:00","twitter_card":"summary_large_image","twitter_site":"@nicetonectyou","twitter_misc":{"Tiempo de lectura":"2 minutos"},"schema":{"@context":"https:\/\/schema.org","@graph":[{"@type":"WebPage","@id":"https:\/\/nect.com\/es\/legal\/avisos-legales\/","url":"https:\/\/nect.com\/es\/legal\/avisos-legales\/","name":"Avisos legales - Nect","isPartOf":{"@id":"https:\/\/nect.com\/es\/#website"},"datePublished":"2025-06-19T09:55:44+00:00","dateModified":"2025-09-17T13:30:37+00:00","breadcrumb":{"@id":"https:\/\/nect.com\/es\/legal\/avisos-legales\/#breadcrumb"},"inLanguage":"es","potentialAction":[{"@type":"ReadAction","target":["https:\/\/nect.com\/es\/legal\/avisos-legales\/"]}]},{"@type":"BreadcrumbList","@id":"https:\/\/nect.com\/es\/legal\/avisos-legales\/#breadcrumb","itemListElement":[{"@type":"ListItem","position":1,"name":"Startseite","item":"https:\/\/nect.com\/es\/"},{"@type":"ListItem","position":2,"name":"Legal","item":"https:\/\/nect.com\/es\/legal\/"},{"@type":"ListItem","position":3,"name":"Avisos legales"}]},{"@type":"WebSite","@id":"https:\/\/nect.com\/es\/#website","url":"https:\/\/nect.com\/es\/","name":"Nect","description":"Built for the future of digital identity.","publisher":{"@id":"https:\/\/nect.com\/es\/#organization"},"potentialAction":[{"@type":"SearchAction","target":{"@type":"EntryPoint","urlTemplate":"https:\/\/nect.com\/es\/?s={search_term_string}"},"query-input":{"@type":"PropertyValueSpecification","valueRequired":true,"valueName":"search_term_string"}}],"inLanguage":"es"},{"@type":"Organization","@id":"https:\/\/nect.com\/es\/#organization","name":"Nect","url":"https:\/\/nect.com\/es\/","logo":{"@type":"ImageObject","inLanguage":"es","@id":"https:\/\/nect.com\/es\/#\/schema\/logo\/image\/","url":"https:\/\/nect.com\/wp-content\/uploads\/2025\/05\/Nect_favicon_App.svg","contentUrl":"https:\/\/nect.com\/wp-content\/uploads\/2025\/05\/Nect_favicon_App.svg","width":512,"height":512,"caption":"Nect"},"image":{"@id":"https:\/\/nect.com\/es\/#\/schema\/logo\/image\/"},"sameAs":["https:\/\/www.facebook.com\/NiceToNectYou\/","https:\/\/x.com\/nicetonectyou","https:\/\/www.instagram.com\/nect\/","https:\/\/vimeo.com\/nect\/","https:\/\/www.linkedin.com\/company\/nect.com"]}]}},"_links":{"self":[{"href":"https:\/\/nect.com\/es\/wp-json\/wp\/v2\/pages\/3992","targetHints":{"allow":["GET"]}}],"collection":[{"href":"https:\/\/nect.com\/es\/wp-json\/wp\/v2\/pages"}],"about":[{"href":"https:\/\/nect.com\/es\/wp-json\/wp\/v2\/types\/page"}],"author":[{"embeddable":true,"href":"https:\/\/nect.com\/es\/wp-json\/wp\/v2\/users\/1"}],"replies":[{"embeddable":true,"href":"https:\/\/nect.com\/es\/wp-json\/wp\/v2\/comments?post=3992"}],"version-history":[{"count":1,"href":"https:\/\/nect.com\/es\/wp-json\/wp\/v2\/pages\/3992\/revisions"}],"predecessor-version":[{"id":3993,"href":"https:\/\/nect.com\/es\/wp-json\/wp\/v2\/pages\/3992\/revisions\/3993"}],"up":[{"embeddable":true,"href":"https:\/\/nect.com\/es\/wp-json\/wp\/v2\/pages\/3991"}],"wp:attachment":[{"href":"https:\/\/nect.com\/es\/wp-json\/wp\/v2\/media?parent=3992"}],"curies":[{"name":"wp","href":"https:\/\/api.w.org\/{rel}","templated":true}]}}