{"id":3866,"date":"2025-06-19T12:00:10","date_gmt":"2025-06-19T10:00:10","guid":{"rendered":"https:\/\/nect.com\/legal\/odpowiedzialne-ujawnianie\/"},"modified":"2026-01-28T16:39:44","modified_gmt":"2026-01-28T15:39:44","slug":"odpowiedzialne-ujawnianie","status":"publish","type":"page","link":"https:\/\/nect.com\/pl\/legal\/odpowiedzialne-ujawnianie\/","title":{"rendered":"Odpowiedzialne ujawnianie"},"content":{"rendered":"\t\t<div data-elementor-type=\"wp-page\" data-elementor-id=\"3866\" class=\"elementor elementor-3866 elementor-1143\" data-elementor-post-type=\"page\">\n\t\t\t\t<div class=\"elementor-element elementor-element-27d2b400 e-flex e-con-boxed e-con e-parent\" data-id=\"27d2b400\" data-element_type=\"container\" data-e-type=\"container\" data-settings=\"{&quot;background_background&quot;:&quot;classic&quot;}\">\n\t\t\t\t\t<div class=\"e-con-inner\">\n\t\t\t\t\t<\/div>\n\t\t\t\t<\/div>\n\t\t<div class=\"elementor-element elementor-element-60e6d9ef e-flex e-con-boxed e-con e-parent\" data-id=\"60e6d9ef\" data-element_type=\"container\" data-e-type=\"container\">\n\t\t\t\t\t<div class=\"e-con-inner\">\n\t\t<div class=\"elementor-element elementor-element-793cedcb e-con-full e-flex e-con e-child\" data-id=\"793cedcb\" data-element_type=\"container\" data-e-type=\"container\">\n\t\t<div class=\"elementor-element elementor-element-3cddda88 e-con-full e-flex e-con e-child\" data-id=\"3cddda88\" data-element_type=\"container\" data-e-type=\"container\">\n\t\t\t\t<div class=\"elementor-element elementor-element-3917743a elementor-widget__width-initial elementor-nav-menu--dropdown-none elementor-widget-mobile__width-inherit elementor-widget elementor-widget-nav-menu\" data-id=\"3917743a\" data-element_type=\"widget\" data-e-type=\"widget\" data-settings=\"{&quot;layout&quot;:&quot;vertical&quot;,&quot;sticky&quot;:&quot;top&quot;,&quot;sticky_offset&quot;:24,&quot;sticky_on&quot;:[&quot;desktop&quot;,&quot;tablet&quot;],&quot;sticky_parent&quot;:&quot;yes&quot;,&quot;submenu_icon&quot;:{&quot;value&quot;:&quot;&lt;svg aria-hidden=\\&quot;true\\&quot; class=\\&quot;e-font-icon-svg e-fas-caret-down\\&quot; viewBox=\\&quot;0 0 320 512\\&quot; xmlns=\\&quot;http:\\\/\\\/www.w3.org\\\/2000\\\/svg\\&quot;&gt;&lt;path d=\\&quot;M31.3 192h257.3c17.8 0 26.7 21.5 14.1 34.1L174.1 354.8c-7.8 7.8-20.5 7.8-28.3 0L17.2 226.1C4.6 213.5 13.5 192 31.3 192z\\&quot;&gt;&lt;\\\/path&gt;&lt;\\\/svg&gt;&quot;,&quot;library&quot;:&quot;fa-solid&quot;},&quot;sticky_effects_offset&quot;:0,&quot;sticky_anchor_link_offset&quot;:0}\" data-widget_type=\"nav-menu.default\">\n\t\t\t\t<div class=\"elementor-widget-container\">\n\t\t\t\t\t\t\t\t<nav aria-label=\"Legal Shortcuts\" class=\"elementor-nav-menu--main elementor-nav-menu__container elementor-nav-menu--layout-vertical e--pointer-background e--animation-fade\">\n\t\t\t\t<ul id=\"menu-1-3917743a\" class=\"elementor-nav-menu sm-vertical\"><li class=\"menu-item menu-item-type-post_type menu-item-object-page menu-item-1321\"><a href=\"https:\/\/nect.com\/legal\/imprint\/\" class=\"elementor-item\">Informacje prawne<\/a><\/li>\n<li class=\"menu-item menu-item-type-post_type menu-item-object-page menu-item-1322\"><a rel=\"privacy-policy\" href=\"https:\/\/nect.com\/legal\/privacy-policy-website\/\" class=\"elementor-item\">Polityka prywatno\u015bci strony internetowej<\/a><\/li>\n<li class=\"menu-item menu-item-type-post_type menu-item-object-page menu-item-1317\"><a href=\"https:\/\/nect.com\/legal\/privacy-policy-app\/\" class=\"elementor-item\">Polityka prywatno\u015bci aplikacji<\/a><\/li>\n<li class=\"menu-item menu-item-type-post_type menu-item-object-page menu-item-1318\"><a href=\"https:\/\/nect.com\/legal\/terms\/\" class=\"elementor-item\">OWH<\/a><\/li>\n<li class=\"menu-item menu-item-type-post_type menu-item-object-page menu-item-1319\"><a href=\"https:\/\/nect.com\/legal\/responsible-disclosure\/\" class=\"elementor-item\">Odpowiedzialne ujawnianie<\/a><\/li>\n<li class=\"menu-item menu-item-type-post_type menu-item-object-page menu-item-1320\"><a href=\"https:\/\/nect.com\/legal\/legal-notice\/\" class=\"elementor-item\">Informacje prawne<\/a><\/li>\n<li class=\"menu-item menu-item-type-custom menu-item-object-custom menu-item-4389\"><a href=\"https:\/\/support.nect.com\/de\/privacy-concern\/\" class=\"elementor-item\">Betroffenenrechte<\/a><\/li>\n<\/ul>\t\t\t<\/nav>\n\t\t\t\t\t\t<nav class=\"elementor-nav-menu--dropdown elementor-nav-menu__container\" aria-hidden=\"true\">\n\t\t\t\t<ul id=\"menu-2-3917743a\" class=\"elementor-nav-menu sm-vertical\"><li class=\"menu-item menu-item-type-post_type menu-item-object-page menu-item-1321\"><a href=\"https:\/\/nect.com\/legal\/imprint\/\" class=\"elementor-item\" tabindex=\"-1\">Informacje prawne<\/a><\/li>\n<li class=\"menu-item menu-item-type-post_type menu-item-object-page menu-item-1322\"><a rel=\"privacy-policy\" href=\"https:\/\/nect.com\/legal\/privacy-policy-website\/\" class=\"elementor-item\" tabindex=\"-1\">Polityka prywatno\u015bci strony internetowej<\/a><\/li>\n<li class=\"menu-item menu-item-type-post_type menu-item-object-page menu-item-1317\"><a href=\"https:\/\/nect.com\/legal\/privacy-policy-app\/\" class=\"elementor-item\" tabindex=\"-1\">Polityka prywatno\u015bci aplikacji<\/a><\/li>\n<li class=\"menu-item menu-item-type-post_type menu-item-object-page menu-item-1318\"><a href=\"https:\/\/nect.com\/legal\/terms\/\" class=\"elementor-item\" tabindex=\"-1\">OWH<\/a><\/li>\n<li class=\"menu-item menu-item-type-post_type menu-item-object-page menu-item-1319\"><a href=\"https:\/\/nect.com\/legal\/responsible-disclosure\/\" class=\"elementor-item\" tabindex=\"-1\">Odpowiedzialne ujawnianie<\/a><\/li>\n<li class=\"menu-item menu-item-type-post_type menu-item-object-page menu-item-1320\"><a href=\"https:\/\/nect.com\/legal\/legal-notice\/\" class=\"elementor-item\" tabindex=\"-1\">Informacje prawne<\/a><\/li>\n<li class=\"menu-item menu-item-type-custom menu-item-object-custom menu-item-4389\"><a href=\"https:\/\/support.nect.com\/de\/privacy-concern\/\" class=\"elementor-item\" tabindex=\"-1\">Betroffenenrechte<\/a><\/li>\n<\/ul>\t\t\t<\/nav>\n\t\t\t\t\t\t<\/div>\n\t\t\t\t<\/div>\n\t\t\t\t<\/div>\n\t\t\t\t<\/div>\n\t\t<div class=\"elementor-element elementor-element-990549f e-con-full e-flex e-con e-child\" data-id=\"990549f\" data-element_type=\"container\" data-e-type=\"container\" data-settings=\"{&quot;background_background&quot;:&quot;classic&quot;,&quot;background_motion_fx_motion_fx_scrolling&quot;:&quot;yes&quot;,&quot;background_motion_fx_translateY_effect&quot;:&quot;yes&quot;,&quot;background_motion_fx_translateY_direction&quot;:&quot;negative&quot;,&quot;background_motion_fx_translateY_speed&quot;:{&quot;unit&quot;:&quot;px&quot;,&quot;size&quot;:7,&quot;sizes&quot;:[]},&quot;background_motion_fx_translateX_effect&quot;:&quot;yes&quot;,&quot;background_motion_fx_translateX_direction&quot;:&quot;negative&quot;,&quot;background_motion_fx_translateX_speed&quot;:{&quot;unit&quot;:&quot;px&quot;,&quot;size&quot;:2,&quot;sizes&quot;:[]},&quot;background_motion_fx_opacity_effect&quot;:&quot;yes&quot;,&quot;background_motion_fx_opacity_direction&quot;:&quot;in-out&quot;,&quot;background_motion_fx_translateY_affectedRange&quot;:{&quot;unit&quot;:&quot;%&quot;,&quot;size&quot;:&quot;&quot;,&quot;sizes&quot;:{&quot;start&quot;:0,&quot;end&quot;:100}},&quot;background_motion_fx_translateX_affectedRange&quot;:{&quot;unit&quot;:&quot;%&quot;,&quot;size&quot;:&quot;&quot;,&quot;sizes&quot;:{&quot;start&quot;:0,&quot;end&quot;:100}},&quot;background_motion_fx_opacity_level&quot;:{&quot;unit&quot;:&quot;px&quot;,&quot;size&quot;:10,&quot;sizes&quot;:[]},&quot;background_motion_fx_opacity_range&quot;:{&quot;unit&quot;:&quot;%&quot;,&quot;size&quot;:&quot;&quot;,&quot;sizes&quot;:{&quot;start&quot;:20,&quot;end&quot;:80}},&quot;background_motion_fx_devices&quot;:[&quot;desktop&quot;,&quot;tablet&quot;,&quot;mobile&quot;]}\">\n\t\t\t\t<div class=\"elementor-element elementor-element-bbd8130 elementor-widget elementor-widget-heading\" data-id=\"bbd8130\" data-element_type=\"widget\" data-e-type=\"widget\" data-widget_type=\"heading.default\">\n\t\t\t\t<div class=\"elementor-widget-container\">\n\t\t\t\t\t<h2 class=\"elementor-heading-title elementor-size-default\">Zg\u0142aszanie luk w zabezpieczeniach<\/h2>\t\t\t\t<\/div>\n\t\t\t\t<\/div>\n\t\t\t\t<div class=\"elementor-element elementor-element-8bed85e elementor-widget elementor-widget-text-editor\" data-id=\"8bed85e\" data-element_type=\"widget\" data-e-type=\"widget\" data-widget_type=\"text-editor.default\">\n\t\t\t\t<div class=\"elementor-widget-container\">\n\t\t\t\t\t\t\t\t\t<p>W Nect bardzo powa\u017cnie traktujemy bezpiecze\u0144stwo naszych system\u00f3w i danych. Wsparcie ze strony badaczy bezpiecze\u0144stwa i spo\u0142eczno\u015bci pomaga nam zapewni\u0107 naszym u\u017cytkownikom i klientom najlepsz\u0105 mo\u017cliw\u0105 ochron\u0119. &nbsp;<\/p>\n<p>Je\u015bli chc\u0105 Pa\u0144stwo zbada\u0107 proces identyfikacji Nect pod k\u0105tem s\u0142abych punkt\u00f3w, potrzebuj\u0105 Pa\u0144stwo naszej zgody wydanej w tym celu. Aby uzyska\u0107 zgod\u0119, prosimy o kontakt pod adresem <a href=\"mailto:spb@nect.com\">spb@nect.com<\/a>. Zgody s\u0105 wydawane po dok\u0142adnym rozpatrzeniu w ramach procesu selekcji.  <\/p>\n<p>Nale\u017cy pami\u0119ta\u0107, \u017ce fa\u0142szowanie to\u017csamo\u015bci i dokument\u00f3w to\u017csamo\u015bci mo\u017ce prowadzi\u0107 do konsekwencji prawnych. Aby jak najlepiej chroni\u0107 Pa\u0144stwa, naszych partner\u00f3w i u\u017cytkownik\u00f3w, niezb\u0119dne jest dok\u0142adne om\u00f3wienie tego z nami. <\/p>\n<p>Je\u015bli odkryje Pan\/Pani luk\u0119 w zabezpieczeniach, prosimy o zg\u0142oszenie jej w odpowiedzialny spos\u00f3b (Responsible Disclosure). Prosimy o: <\/p>\n<ul>\n<li>\n<p>przes\u0142anie <strong>szczeg\u00f3\u0142owego opisu luki w zabezpieczeniach<\/strong>, w tym informacji o dotkni\u0119tym komponencie, mo\u017cliwych skutkach i wszystkich krokach do reprodukcji.<\/p>\n<\/li>\n<li>\n<p><strong>powstrzymanie si\u0119 od publikowania luki<\/strong> do czasu, gdy b\u0119dziemy mieli odpowiedni czas na rozwi\u0105zanie problemu.<\/p>\n<\/li>\n<\/ul>\t\t\t\t\t\t\t\t<\/div>\n\t\t\t\t<\/div>\n\t\t\t\t<div class=\"elementor-element elementor-element-43d8f4f elementor-widget elementor-widget-heading\" data-id=\"43d8f4f\" data-element_type=\"widget\" data-e-type=\"widget\" data-widget_type=\"heading.default\">\n\t\t\t\t<div class=\"elementor-widget-container\">\n\t\t\t\t\t<h2 class=\"elementor-heading-title elementor-size-default\">Procedura zg\u0142aszania<\/h2>\t\t\t\t<\/div>\n\t\t\t\t<\/div>\n\t\t\t\t<div class=\"elementor-element elementor-element-e668302 elementor-widget elementor-widget-text-editor\" data-id=\"e668302\" data-element_type=\"widget\" data-e-type=\"widget\" data-widget_type=\"text-editor.default\">\n\t\t\t\t<div class=\"elementor-widget-container\">\n\t\t\t\t\t\t\t\t\t<p>Aby zg\u0142osi\u0107 luk\u0119 w zabezpieczeniach, prosimy o wys\u0142anie wiadomo\u015bci e-mail na adres:<\/p><p><a href=\"mailto:spb@nect.com\">spb@nect.com<\/a><\/p><p>Nasz zesp\u00f3\u0142 bezpiecze\u0144stwa skontaktuje si\u0119 w ci\u0105gu 10 dni roboczych i potwierdzi szczeg\u00f3\u0142y luki.<\/p>\t\t\t\t\t\t\t\t<\/div>\n\t\t\t\t<\/div>\n\t\t\t\t<\/div>\n\t\t\t\t\t<\/div>\n\t\t\t\t<\/div>\n\t\t\t\t<\/div>\n\t\t","protected":false},"excerpt":{"rendered":"<p>Zg\u0142aszanie luk w zabezpieczeniach W Nect bardzo powa\u017cnie traktujemy bezpiecze\u0144stwo naszych system\u00f3w i danych. Wsparcie ze strony badaczy bezpiecze\u0144stwa i spo\u0142eczno\u015bci pomaga nam zapewni\u0107 naszym u\u017cytkownikom i klientom najlepsz\u0105 mo\u017cliw\u0105 [&hellip;]<\/p>\n","protected":false},"author":1,"featured_media":0,"parent":3842,"menu_order":0,"comment_status":"closed","ping_status":"closed","template":"","meta":{"footnotes":""},"class_list":["post-3866","page","type-page","status-publish","hentry"],"yoast_head":"<!-- This site is optimized with the Yoast SEO plugin v27.2 - https:\/\/yoast.com\/product\/yoast-seo-wordpress\/ -->\n<title>Odpowiedzialne ujawnianie - Nect<\/title>\n<meta name=\"robots\" content=\"index, follow, max-snippet:-1, max-image-preview:large, max-video-preview:-1\" \/>\n<link rel=\"canonical\" href=\"https:\/\/nect.com\/pl\/legal\/odpowiedzialne-ujawnianie\/\" \/>\n<meta property=\"og:locale\" content=\"pl_PL\" \/>\n<meta property=\"og:type\" content=\"article\" \/>\n<meta property=\"og:title\" content=\"Odpowiedzialne ujawnianie - Nect\" \/>\n<meta property=\"og:description\" content=\"Zg\u0142aszanie luk w zabezpieczeniach W Nect bardzo powa\u017cnie traktujemy bezpiecze\u0144stwo naszych system\u00f3w i danych. Wsparcie ze strony badaczy bezpiecze\u0144stwa i spo\u0142eczno\u015bci pomaga nam zapewni\u0107 naszym u\u017cytkownikom i klientom najlepsz\u0105 mo\u017cliw\u0105 [&hellip;]\" \/>\n<meta property=\"og:url\" content=\"https:\/\/nect.com\/pl\/legal\/odpowiedzialne-ujawnianie\/\" \/>\n<meta property=\"og:site_name\" content=\"Nect\" \/>\n<meta property=\"article:publisher\" content=\"https:\/\/www.facebook.com\/NiceToNectYou\/\" \/>\n<meta property=\"article:modified_time\" content=\"2026-01-28T15:39:44+00:00\" \/>\n<meta name=\"twitter:card\" content=\"summary_large_image\" \/>\n<meta name=\"twitter:site\" content=\"@nicetonectyou\" \/>\n<meta name=\"twitter:label1\" content=\"Szacowany czas czytania\" \/>\n\t<meta name=\"twitter:data1\" content=\"1 minuta\" \/>\n<script type=\"application\/ld+json\" class=\"yoast-schema-graph\">{\"@context\":\"https:\/\/schema.org\",\"@graph\":[{\"@type\":\"WebPage\",\"@id\":\"https:\/\/nect.com\/pl\/legal\/odpowiedzialne-ujawnianie\/\",\"url\":\"https:\/\/nect.com\/pl\/legal\/odpowiedzialne-ujawnianie\/\",\"name\":\"Odpowiedzialne ujawnianie - Nect\",\"isPartOf\":{\"@id\":\"https:\/\/nect.com\/pl\/#website\"},\"datePublished\":\"2025-06-19T10:00:10+00:00\",\"dateModified\":\"2026-01-28T15:39:44+00:00\",\"breadcrumb\":{\"@id\":\"https:\/\/nect.com\/pl\/legal\/odpowiedzialne-ujawnianie\/#breadcrumb\"},\"inLanguage\":\"pl-PL\",\"potentialAction\":[{\"@type\":\"ReadAction\",\"target\":[\"https:\/\/nect.com\/pl\/legal\/odpowiedzialne-ujawnianie\/\"]}]},{\"@type\":\"BreadcrumbList\",\"@id\":\"https:\/\/nect.com\/pl\/legal\/odpowiedzialne-ujawnianie\/#breadcrumb\",\"itemListElement\":[{\"@type\":\"ListItem\",\"position\":1,\"name\":\"Startseite\",\"item\":\"https:\/\/nect.com\/pl\/\"},{\"@type\":\"ListItem\",\"position\":2,\"name\":\"Legal\",\"item\":\"https:\/\/nect.com\/pl\/legal\/\"},{\"@type\":\"ListItem\",\"position\":3,\"name\":\"Odpowiedzialne ujawnianie\"}]},{\"@type\":\"WebSite\",\"@id\":\"https:\/\/nect.com\/pl\/#website\",\"url\":\"https:\/\/nect.com\/pl\/\",\"name\":\"Nect\",\"description\":\"Built for the future of digital identity.\",\"publisher\":{\"@id\":\"https:\/\/nect.com\/pl\/#organization\"},\"potentialAction\":[{\"@type\":\"SearchAction\",\"target\":{\"@type\":\"EntryPoint\",\"urlTemplate\":\"https:\/\/nect.com\/pl\/?s={search_term_string}\"},\"query-input\":{\"@type\":\"PropertyValueSpecification\",\"valueRequired\":true,\"valueName\":\"search_term_string\"}}],\"inLanguage\":\"pl-PL\"},{\"@type\":\"Organization\",\"@id\":\"https:\/\/nect.com\/pl\/#organization\",\"name\":\"Nect\",\"url\":\"https:\/\/nect.com\/pl\/\",\"logo\":{\"@type\":\"ImageObject\",\"inLanguage\":\"pl-PL\",\"@id\":\"https:\/\/nect.com\/pl\/#\/schema\/logo\/image\/\",\"url\":\"https:\/\/nect.com\/wp-content\/uploads\/2025\/05\/Nect_favicon_App.svg\",\"contentUrl\":\"https:\/\/nect.com\/wp-content\/uploads\/2025\/05\/Nect_favicon_App.svg\",\"width\":512,\"height\":512,\"caption\":\"Nect\"},\"image\":{\"@id\":\"https:\/\/nect.com\/pl\/#\/schema\/logo\/image\/\"},\"sameAs\":[\"https:\/\/www.facebook.com\/NiceToNectYou\/\",\"https:\/\/x.com\/nicetonectyou\",\"https:\/\/www.instagram.com\/nect\/\",\"https:\/\/vimeo.com\/nect\/\",\"https:\/\/www.linkedin.com\/company\/nect.com\"]}]}<\/script>\n<!-- \/ Yoast SEO plugin. -->","yoast_head_json":{"title":"Odpowiedzialne ujawnianie - Nect","robots":{"index":"index","follow":"follow","max-snippet":"max-snippet:-1","max-image-preview":"max-image-preview:large","max-video-preview":"max-video-preview:-1"},"canonical":"https:\/\/nect.com\/pl\/legal\/odpowiedzialne-ujawnianie\/","og_locale":"pl_PL","og_type":"article","og_title":"Odpowiedzialne ujawnianie - Nect","og_description":"Zg\u0142aszanie luk w zabezpieczeniach W Nect bardzo powa\u017cnie traktujemy bezpiecze\u0144stwo naszych system\u00f3w i danych. Wsparcie ze strony badaczy bezpiecze\u0144stwa i spo\u0142eczno\u015bci pomaga nam zapewni\u0107 naszym u\u017cytkownikom i klientom najlepsz\u0105 mo\u017cliw\u0105 [&hellip;]","og_url":"https:\/\/nect.com\/pl\/legal\/odpowiedzialne-ujawnianie\/","og_site_name":"Nect","article_publisher":"https:\/\/www.facebook.com\/NiceToNectYou\/","article_modified_time":"2026-01-28T15:39:44+00:00","twitter_card":"summary_large_image","twitter_site":"@nicetonectyou","twitter_misc":{"Szacowany czas czytania":"1 minuta"},"schema":{"@context":"https:\/\/schema.org","@graph":[{"@type":"WebPage","@id":"https:\/\/nect.com\/pl\/legal\/odpowiedzialne-ujawnianie\/","url":"https:\/\/nect.com\/pl\/legal\/odpowiedzialne-ujawnianie\/","name":"Odpowiedzialne ujawnianie - Nect","isPartOf":{"@id":"https:\/\/nect.com\/pl\/#website"},"datePublished":"2025-06-19T10:00:10+00:00","dateModified":"2026-01-28T15:39:44+00:00","breadcrumb":{"@id":"https:\/\/nect.com\/pl\/legal\/odpowiedzialne-ujawnianie\/#breadcrumb"},"inLanguage":"pl-PL","potentialAction":[{"@type":"ReadAction","target":["https:\/\/nect.com\/pl\/legal\/odpowiedzialne-ujawnianie\/"]}]},{"@type":"BreadcrumbList","@id":"https:\/\/nect.com\/pl\/legal\/odpowiedzialne-ujawnianie\/#breadcrumb","itemListElement":[{"@type":"ListItem","position":1,"name":"Startseite","item":"https:\/\/nect.com\/pl\/"},{"@type":"ListItem","position":2,"name":"Legal","item":"https:\/\/nect.com\/pl\/legal\/"},{"@type":"ListItem","position":3,"name":"Odpowiedzialne ujawnianie"}]},{"@type":"WebSite","@id":"https:\/\/nect.com\/pl\/#website","url":"https:\/\/nect.com\/pl\/","name":"Nect","description":"Built for the future of digital identity.","publisher":{"@id":"https:\/\/nect.com\/pl\/#organization"},"potentialAction":[{"@type":"SearchAction","target":{"@type":"EntryPoint","urlTemplate":"https:\/\/nect.com\/pl\/?s={search_term_string}"},"query-input":{"@type":"PropertyValueSpecification","valueRequired":true,"valueName":"search_term_string"}}],"inLanguage":"pl-PL"},{"@type":"Organization","@id":"https:\/\/nect.com\/pl\/#organization","name":"Nect","url":"https:\/\/nect.com\/pl\/","logo":{"@type":"ImageObject","inLanguage":"pl-PL","@id":"https:\/\/nect.com\/pl\/#\/schema\/logo\/image\/","url":"https:\/\/nect.com\/wp-content\/uploads\/2025\/05\/Nect_favicon_App.svg","contentUrl":"https:\/\/nect.com\/wp-content\/uploads\/2025\/05\/Nect_favicon_App.svg","width":512,"height":512,"caption":"Nect"},"image":{"@id":"https:\/\/nect.com\/pl\/#\/schema\/logo\/image\/"},"sameAs":["https:\/\/www.facebook.com\/NiceToNectYou\/","https:\/\/x.com\/nicetonectyou","https:\/\/www.instagram.com\/nect\/","https:\/\/vimeo.com\/nect\/","https:\/\/www.linkedin.com\/company\/nect.com"]}]}},"_links":{"self":[{"href":"https:\/\/nect.com\/pl\/wp-json\/wp\/v2\/pages\/3866","targetHints":{"allow":["GET"]}}],"collection":[{"href":"https:\/\/nect.com\/pl\/wp-json\/wp\/v2\/pages"}],"about":[{"href":"https:\/\/nect.com\/pl\/wp-json\/wp\/v2\/types\/page"}],"author":[{"embeddable":true,"href":"https:\/\/nect.com\/pl\/wp-json\/wp\/v2\/users\/1"}],"replies":[{"embeddable":true,"href":"https:\/\/nect.com\/pl\/wp-json\/wp\/v2\/comments?post=3866"}],"version-history":[{"count":2,"href":"https:\/\/nect.com\/pl\/wp-json\/wp\/v2\/pages\/3866\/revisions"}],"predecessor-version":[{"id":5544,"href":"https:\/\/nect.com\/pl\/wp-json\/wp\/v2\/pages\/3866\/revisions\/5544"}],"up":[{"embeddable":true,"href":"https:\/\/nect.com\/pl\/wp-json\/wp\/v2\/pages\/3842"}],"wp:attachment":[{"href":"https:\/\/nect.com\/pl\/wp-json\/wp\/v2\/media?parent=3866"}],"curies":[{"name":"wp","href":"https:\/\/api.w.org\/{rel}","templated":true}]}}