{"id":3868,"date":"2025-06-17T15:26:21","date_gmt":"2025-06-17T13:26:21","guid":{"rendered":"https:\/\/nect.com\/legal\/informacje-prawne\/"},"modified":"2025-09-17T14:33:26","modified_gmt":"2025-09-17T12:33:26","slug":"informacje-prawne","status":"publish","type":"page","link":"https:\/\/nect.com\/pl\/legal\/informacje-prawne\/","title":{"rendered":"Informacje prawne"},"content":{"rendered":"\t\t<div data-elementor-type=\"wp-page\" data-elementor-id=\"3868\" class=\"elementor elementor-3868 elementor-1009\" data-elementor-post-type=\"page\">\n\t\t\t\t<div class=\"elementor-element elementor-element-1d25ea6 e-flex e-con-boxed e-con e-parent\" data-id=\"1d25ea6\" data-element_type=\"container\" data-e-type=\"container\" data-settings=\"{&quot;background_background&quot;:&quot;classic&quot;}\">\n\t\t\t\t\t<div class=\"e-con-inner\">\n\t\t\t\t\t<\/div>\n\t\t\t\t<\/div>\n\t\t<div class=\"elementor-element elementor-element-990549f e-flex e-con-boxed e-con e-parent\" data-id=\"990549f\" data-element_type=\"container\" data-e-type=\"container\" data-settings=\"{&quot;background_background&quot;:&quot;classic&quot;,&quot;background_motion_fx_motion_fx_scrolling&quot;:&quot;yes&quot;,&quot;background_motion_fx_translateY_effect&quot;:&quot;yes&quot;,&quot;background_motion_fx_translateY_direction&quot;:&quot;negative&quot;,&quot;background_motion_fx_translateY_speed&quot;:{&quot;unit&quot;:&quot;px&quot;,&quot;size&quot;:7,&quot;sizes&quot;:[]},&quot;background_motion_fx_translateX_effect&quot;:&quot;yes&quot;,&quot;background_motion_fx_translateX_direction&quot;:&quot;negative&quot;,&quot;background_motion_fx_translateX_speed&quot;:{&quot;unit&quot;:&quot;px&quot;,&quot;size&quot;:2,&quot;sizes&quot;:[]},&quot;background_motion_fx_opacity_effect&quot;:&quot;yes&quot;,&quot;background_motion_fx_opacity_direction&quot;:&quot;in-out&quot;,&quot;background_motion_fx_translateY_affectedRange&quot;:{&quot;unit&quot;:&quot;%&quot;,&quot;size&quot;:&quot;&quot;,&quot;sizes&quot;:{&quot;start&quot;:0,&quot;end&quot;:100}},&quot;background_motion_fx_translateX_affectedRange&quot;:{&quot;unit&quot;:&quot;%&quot;,&quot;size&quot;:&quot;&quot;,&quot;sizes&quot;:{&quot;start&quot;:0,&quot;end&quot;:100}},&quot;background_motion_fx_opacity_level&quot;:{&quot;unit&quot;:&quot;px&quot;,&quot;size&quot;:10,&quot;sizes&quot;:[]},&quot;background_motion_fx_opacity_range&quot;:{&quot;unit&quot;:&quot;%&quot;,&quot;size&quot;:&quot;&quot;,&quot;sizes&quot;:{&quot;start&quot;:20,&quot;end&quot;:80}},&quot;background_motion_fx_devices&quot;:[&quot;desktop&quot;,&quot;tablet&quot;,&quot;mobile&quot;]}\">\n\t\t\t\t\t<div class=\"e-con-inner\">\n\t\t<div class=\"elementor-element elementor-element-4dd4149 e-con-full elementor-hidden-desktop elementor-hidden-tablet e-flex e-con e-child\" data-id=\"4dd4149\" data-element_type=\"container\" data-e-type=\"container\">\n\t\t\t\t<div class=\"elementor-element elementor-element-329d7af elementor-widget__width-initial elementor-nav-menu--dropdown-none elementor-widget-mobile__width-inherit elementor-widget elementor-widget-nav-menu\" data-id=\"329d7af\" data-element_type=\"widget\" data-e-type=\"widget\" data-settings=\"{&quot;layout&quot;:&quot;vertical&quot;,&quot;submenu_icon&quot;:{&quot;value&quot;:&quot;&lt;svg aria-hidden=\\&quot;true\\&quot; class=\\&quot;e-font-icon-svg e-fas-caret-down\\&quot; viewBox=\\&quot;0 0 320 512\\&quot; xmlns=\\&quot;http:\\\/\\\/www.w3.org\\\/2000\\\/svg\\&quot;&gt;&lt;path d=\\&quot;M31.3 192h257.3c17.8 0 26.7 21.5 14.1 34.1L174.1 354.8c-7.8 7.8-20.5 7.8-28.3 0L17.2 226.1C4.6 213.5 13.5 192 31.3 192z\\&quot;&gt;&lt;\\\/path&gt;&lt;\\\/svg&gt;&quot;,&quot;library&quot;:&quot;fa-solid&quot;}}\" data-widget_type=\"nav-menu.default\">\n\t\t\t\t<div class=\"elementor-widget-container\">\n\t\t\t\t\t\t\t\t<nav aria-label=\"Legal Shortcuts\" class=\"elementor-nav-menu--main elementor-nav-menu__container elementor-nav-menu--layout-vertical e--pointer-background e--animation-fade\">\n\t\t\t\t<ul id=\"menu-1-329d7af\" class=\"elementor-nav-menu sm-vertical\"><li class=\"menu-item menu-item-type-post_type menu-item-object-page menu-item-1321\"><a href=\"https:\/\/nect.com\/legal\/imprint\/\" class=\"elementor-item\">Informacje prawne<\/a><\/li>\n<li class=\"menu-item menu-item-type-post_type menu-item-object-page menu-item-1322\"><a rel=\"privacy-policy\" href=\"https:\/\/nect.com\/legal\/privacy-policy-website\/\" class=\"elementor-item\">Polityka prywatno\u015bci strony internetowej<\/a><\/li>\n<li class=\"menu-item menu-item-type-post_type menu-item-object-page menu-item-1317\"><a href=\"https:\/\/nect.com\/legal\/privacy-policy-app\/\" class=\"elementor-item\">Polityka prywatno\u015bci aplikacji<\/a><\/li>\n<li class=\"menu-item menu-item-type-post_type menu-item-object-page menu-item-1318\"><a href=\"https:\/\/nect.com\/legal\/terms\/\" class=\"elementor-item\">OWH<\/a><\/li>\n<li class=\"menu-item menu-item-type-post_type menu-item-object-page menu-item-1319\"><a href=\"https:\/\/nect.com\/legal\/responsible-disclosure\/\" class=\"elementor-item\">Odpowiedzialne ujawnianie<\/a><\/li>\n<li class=\"menu-item menu-item-type-post_type menu-item-object-page menu-item-1320\"><a href=\"https:\/\/nect.com\/legal\/legal-notice\/\" class=\"elementor-item\">Informacje prawne<\/a><\/li>\n<li class=\"menu-item menu-item-type-custom menu-item-object-custom menu-item-4389\"><a href=\"https:\/\/support.nect.com\/de\/privacy-concern\/\" class=\"elementor-item\">Betroffenenrechte<\/a><\/li>\n<\/ul>\t\t\t<\/nav>\n\t\t\t\t\t\t<nav class=\"elementor-nav-menu--dropdown elementor-nav-menu__container\" aria-hidden=\"true\">\n\t\t\t\t<ul id=\"menu-2-329d7af\" class=\"elementor-nav-menu sm-vertical\"><li class=\"menu-item menu-item-type-post_type menu-item-object-page menu-item-1321\"><a href=\"https:\/\/nect.com\/legal\/imprint\/\" class=\"elementor-item\" tabindex=\"-1\">Informacje prawne<\/a><\/li>\n<li class=\"menu-item menu-item-type-post_type menu-item-object-page menu-item-1322\"><a rel=\"privacy-policy\" href=\"https:\/\/nect.com\/legal\/privacy-policy-website\/\" class=\"elementor-item\" tabindex=\"-1\">Polityka prywatno\u015bci strony internetowej<\/a><\/li>\n<li class=\"menu-item menu-item-type-post_type menu-item-object-page menu-item-1317\"><a href=\"https:\/\/nect.com\/legal\/privacy-policy-app\/\" class=\"elementor-item\" tabindex=\"-1\">Polityka prywatno\u015bci aplikacji<\/a><\/li>\n<li class=\"menu-item menu-item-type-post_type menu-item-object-page menu-item-1318\"><a href=\"https:\/\/nect.com\/legal\/terms\/\" class=\"elementor-item\" tabindex=\"-1\">OWH<\/a><\/li>\n<li class=\"menu-item menu-item-type-post_type menu-item-object-page menu-item-1319\"><a href=\"https:\/\/nect.com\/legal\/responsible-disclosure\/\" class=\"elementor-item\" tabindex=\"-1\">Odpowiedzialne ujawnianie<\/a><\/li>\n<li class=\"menu-item menu-item-type-post_type menu-item-object-page menu-item-1320\"><a href=\"https:\/\/nect.com\/legal\/legal-notice\/\" class=\"elementor-item\" tabindex=\"-1\">Informacje prawne<\/a><\/li>\n<li class=\"menu-item menu-item-type-custom menu-item-object-custom menu-item-4389\"><a href=\"https:\/\/support.nect.com\/de\/privacy-concern\/\" class=\"elementor-item\" tabindex=\"-1\">Betroffenenrechte<\/a><\/li>\n<\/ul>\t\t\t<\/nav>\n\t\t\t\t\t\t<\/div>\n\t\t\t\t<\/div>\n\t\t\t\t<\/div>\n\t\t<div class=\"elementor-element elementor-element-c57819b e-con-full e-flex e-con e-child\" data-id=\"c57819b\" data-element_type=\"container\" data-e-type=\"container\">\n\t\t<div class=\"elementor-element elementor-element-dd35c39 e-con-full e-flex e-con e-child\" data-id=\"dd35c39\" data-element_type=\"container\" data-e-type=\"container\">\n\t\t\t\t<div class=\"elementor-element elementor-element-7dd343c elementor-widget elementor-widget-heading\" data-id=\"7dd343c\" data-element_type=\"widget\" data-e-type=\"widget\" data-widget_type=\"heading.default\">\n\t\t\t\t<div class=\"elementor-widget-container\">\n\t\t\t\t\t<h2 class=\"elementor-heading-title elementor-size-default\">Kontakt<\/h2>\t\t\t\t<\/div>\n\t\t\t\t<\/div>\n\t\t\t\t<div class=\"elementor-element elementor-element-20c7902 elementor-widget elementor-widget-text-editor\" data-id=\"20c7902\" data-element_type=\"widget\" data-e-type=\"widget\" data-widget_type=\"text-editor.default\">\n\t\t\t\t<div class=\"elementor-widget-container\">\n\t\t\t\t\t\t\t\t\t<p>Nect GmbH<br>Gro\u00dfer Burstah 21<br>20457 Hamburg <br>Niemcy<\/p>\t\t\t\t\t\t\t\t<\/div>\n\t\t\t\t<\/div>\n\t\t\t\t<div class=\"elementor-element elementor-element-140faba elementor-widget elementor-widget-text-editor\" data-id=\"140faba\" data-element_type=\"widget\" data-e-type=\"widget\" data-widget_type=\"text-editor.default\">\n\t\t\t\t<div class=\"elementor-widget-container\">\n\t\t\t\t\t\t\t\t\t<p style=\"line-height: 1.75em\"><b>Telefon:<\/b> +49 (0) 40 468 974 &#8211; 970 (brak wsparcia!)<br><b>Internet:<\/b> nect.com<br><b>E-mail:<\/b> hello@nect.com<\/p>\t\t\t\t\t\t\t\t<\/div>\n\t\t\t\t<\/div>\n\t\t\t\t<\/div>\n\t\t<div class=\"elementor-element elementor-element-ab0d316 e-con-full e-flex e-con e-child\" data-id=\"ab0d316\" data-element_type=\"container\" data-e-type=\"container\">\n\t\t\t\t<div class=\"elementor-element elementor-element-16e655d elementor-widget elementor-widget-heading\" data-id=\"16e655d\" data-element_type=\"widget\" data-e-type=\"widget\" data-widget_type=\"heading.default\">\n\t\t\t\t<div class=\"elementor-widget-container\">\n\t\t\t\t\t<h2 class=\"elementor-heading-title elementor-size-default\">Zarz\u0105d<\/h2>\t\t\t\t<\/div>\n\t\t\t\t<\/div>\n\t\t\t\t<div class=\"elementor-element elementor-element-d7da64d elementor-widget elementor-widget-text-editor\" data-id=\"d7da64d\" data-element_type=\"widget\" data-e-type=\"widget\" data-widget_type=\"text-editor.default\">\n\t\t\t\t<div class=\"elementor-widget-container\">\n\t\t\t\t\t\t\t\t\t<p>Benny Bennet J\u00fcrgens<br>Carlo Ulbrich<\/p>\t\t\t\t\t\t\t\t<\/div>\n\t\t\t\t<\/div>\n\t\t\t\t<div class=\"elementor-element elementor-element-30cd95e elementor-widget elementor-widget-text-editor\" data-id=\"30cd95e\" data-element_type=\"widget\" data-e-type=\"widget\" data-widget_type=\"text-editor.default\">\n\t\t\t\t<div class=\"elementor-widget-container\">\n\t\t\t\t\t\t\t\t\t<b>Odpowiedzialny za tre\u015bci dziennikarsko-redakcyjne:<\/b><br>Martin Nahrgang\t\t\t\t\t\t\t\t<\/div>\n\t\t\t\t<\/div>\n\t\t\t\t<div class=\"elementor-element elementor-element-7808abe elementor-widget elementor-widget-text-editor\" data-id=\"7808abe\" data-element_type=\"widget\" data-e-type=\"widget\" data-widget_type=\"text-editor.default\">\n\t\t\t\t<div class=\"elementor-widget-container\">\n\t\t\t\t\t\t\t\t\t<p style=\"line-height: 1.75em\"><b>S\u0105d rejestrowy:<\/b> Amtsgericht Hamburg<br><b>Numer rejestru handlowego:<\/b> HRB 146327<br><b>Siedziba sp\u00f3\u0142ki:<\/b> Hamburg<br><b>Numer VAT:<\/b> DE 312664171<\/p>\t\t\t\t\t\t\t\t<\/div>\n\t\t\t\t<\/div>\n\t\t\t\t<\/div>\n\t\t\t\t<\/div>\n\t\t<div class=\"elementor-element elementor-element-1259741 e-con-full e-flex e-con e-child\" data-id=\"1259741\" data-element_type=\"container\" data-e-type=\"container\">\n\t\t\t\t<div class=\"elementor-element elementor-element-1d685c2 elementor-widget elementor-widget-text-editor\" data-id=\"1d685c2\" data-element_type=\"widget\" data-e-type=\"widget\" data-widget_type=\"text-editor.default\">\n\t\t\t\t<div class=\"elementor-widget-container\">\n\t\t\t\t\t\t\t\t\t<p><em>*Informacje zgodnie z \u00a75 ustawy o us\u0142ugach cyfrowych (DGG)<\/em><\/p>\t\t\t\t\t\t\t\t<\/div>\n\t\t\t\t<\/div>\n\t\t\t\t<\/div>\n\t\t\t\t\t<\/div>\n\t\t\t\t<\/div>\n\t\t<div class=\"elementor-element elementor-element-dfca222 e-flex e-con-boxed e-con e-parent\" data-id=\"dfca222\" data-element_type=\"container\" data-e-type=\"container\" data-settings=\"{&quot;background_background&quot;:&quot;gradient&quot;}\">\n\t\t\t\t\t<div class=\"e-con-inner\">\n\t\t<div class=\"elementor-element elementor-element-5f8c4a3 e-con-full e-flex e-con e-child\" data-id=\"5f8c4a3\" data-element_type=\"container\" data-e-type=\"container\">\n\t\t\t\t<div class=\"elementor-element elementor-element-f58d57a elementor-widget elementor-widget-heading\" data-id=\"f58d57a\" data-element_type=\"widget\" data-e-type=\"widget\" data-widget_type=\"heading.default\">\n\t\t\t\t<div class=\"elementor-widget-container\">\n\t\t\t\t\t<h2 class=\"elementor-heading-title elementor-size-default\">Informacja o rozstrzyganiu spor\u00f3w UE:<\/h2>\t\t\t\t<\/div>\n\t\t\t\t<\/div>\n\t\t\t\t<div class=\"elementor-element elementor-element-9160439 elementor-widget elementor-widget-text-editor\" data-id=\"9160439\" data-element_type=\"widget\" data-e-type=\"widget\" data-widget_type=\"text-editor.default\">\n\t\t\t\t<div class=\"elementor-widget-container\">\n\t\t\t\t\t\t\t\t\tKomisja Europejska udost\u0119pnia platform\u0119 do internetowego rozstrzygania spor\u00f3w (OS):\n\n<a style=\"font-family: Inter, sans-serif; font-size: inherit; font-weight: inherit; text-decoration: underline;\" href=\"https:\/\/ec.europa.eu\/consumers\/odr\">https:\/\/ec.europa.eu\/consumers\/odr<\/a>.\n\nNect nie uczestniczy jednak w post\u0119powaniu rozstrzygania spor\u00f3w przed instytucj\u0105 rozjemcz\u0105 ds. konsument\u00f3w i nie jest do tego zobowi\u0105zana.\t\t\t\t\t\t\t\t<\/div>\n\t\t\t\t<\/div>\n\t\t\t\t<div class=\"elementor-element elementor-element-26622cc elementor-widget elementor-widget-heading\" data-id=\"26622cc\" data-element_type=\"widget\" data-e-type=\"widget\" data-widget_type=\"heading.default\">\n\t\t\t\t<div class=\"elementor-widget-container\">\n\t\t\t\t\t<h2 class=\"elementor-heading-title elementor-size-default\">Zastrze\u017cenie odpowiedzialno\u015bci<\/h2>\t\t\t\t<\/div>\n\t\t\t\t<\/div>\n\t\t\t\t<div class=\"elementor-element elementor-element-2f6fb82 elementor-widget elementor-widget-text-editor\" data-id=\"2f6fb82\" data-element_type=\"widget\" data-e-type=\"widget\" data-widget_type=\"text-editor.default\">\n\t\t\t\t<div class=\"elementor-widget-container\">\n\t\t\t\t\t\t\t\t\t<p>Pomimo starannej kontroli tre\u015bci nie ponosimy odpowiedzialno\u015bci za zawarto\u015b\u0107 link\u00f3w zewn\u0119trznych. Za tre\u015b\u0107 stron linkowanych odpowiadaj\u0105 wy\u0142\u0105cznie ich operatorzy. Prawa autorskie, patenty i znaki towarowe: nazwy, znaki towarowe i prawa autorskie s\u0105 w\u0142asno\u015bci\u0105 odpowiednich firm  <\/p>\t\t\t\t\t\t\t\t<\/div>\n\t\t\t\t<\/div>\n\t\t\t\t<div class=\"elementor-element elementor-element-ca5d99b elementor-widget elementor-widget-heading\" data-id=\"ca5d99b\" data-element_type=\"widget\" data-e-type=\"widget\" data-widget_type=\"heading.default\">\n\t\t\t\t<div class=\"elementor-widget-container\">\n\t\t\t\t\t<h2 class=\"elementor-heading-title elementor-size-default\">Ochrona danych<\/h2>\t\t\t\t<\/div>\n\t\t\t\t<\/div>\n\t\t\t\t<div class=\"elementor-element elementor-element-1d706fb elementor-widget elementor-widget-text-editor\" data-id=\"1d706fb\" data-element_type=\"widget\" data-e-type=\"widget\" data-widget_type=\"text-editor.default\">\n\t\t\t\t<div class=\"elementor-widget-container\">\n\t\t\t\t\t\t\t\t\t<p>Prosimy r\u00f3wnie\u017c zapozna\u0107 si\u0119 z naszymi informacjami dotycz\u0105cymi <a style=\"font-family: Inter, sans-serif; font-size: inherit; font-weight: inherit; text-decoration: underline;\" href=\"https:\/\/nect.com\/legal\/privacy-policy-website\/\">ochrony danych<\/a>.<\/p>\t\t\t\t\t\t\t\t<\/div>\n\t\t\t\t<\/div>\n\t\t\t\t<div class=\"elementor-element elementor-element-2ecebca elementor-widget elementor-widget-heading\" data-id=\"2ecebca\" data-element_type=\"widget\" data-e-type=\"widget\" data-widget_type=\"heading.default\">\n\t\t\t\t<div class=\"elementor-widget-container\">\n\t\t\t\t\t<h2 class=\"elementor-heading-title elementor-size-default\">Masz jeszcze pytania? <\/h2>\t\t\t\t<\/div>\n\t\t\t\t<\/div>\n\t\t\t\t<div class=\"elementor-element elementor-element-3013431 elementor-widget elementor-widget-text-editor\" data-id=\"3013431\" data-element_type=\"widget\" data-e-type=\"widget\" data-widget_type=\"text-editor.default\">\n\t\t\t\t<div class=\"elementor-widget-container\">\n\t\t\t\t\t\t\t\t\tSkontaktuj si\u0119 z nami w dowolnym momencie przez <a style=\"font-family: Inter, sans-serif; font-size: inherit; font-weight: inherit; text-decoration: underline;\" href=\"mailto:hello@nect.com\">hello@nect.com<\/a>.\t\t\t\t\t\t\t\t<\/div>\n\t\t\t\t<\/div>\n\t\t\t\t<\/div>\n\t\t\t\t\t<\/div>\n\t\t\t\t<\/div>\n\t\t\t\t<\/div>\n\t\t","protected":false},"excerpt":{"rendered":"<p>Kontakt Nect GmbHGro\u00dfer Burstah 2120457 Hamburg Niemcy Telefon: +49 (0) 40 468 974 &#8211; 970 (brak wsparcia!)Internet: nect.comE-mail: hello@nect.com Zarz\u0105d Benny Bennet J\u00fcrgensCarlo Ulbrich Odpowiedzialny za tre\u015bci dziennikarsko-redakcyjne:Martin Nahrgang S\u0105d [&hellip;]<\/p>\n","protected":false},"author":1,"featured_media":0,"parent":3842,"menu_order":0,"comment_status":"closed","ping_status":"closed","template":"","meta":{"footnotes":""},"class_list":["post-3868","page","type-page","status-publish","hentry"],"yoast_head":"<!-- This site is optimized with the Yoast SEO plugin v27.2 - https:\/\/yoast.com\/product\/yoast-seo-wordpress\/ -->\n<title>Informacje prawne - Nect<\/title>\n<meta name=\"robots\" content=\"index, follow, max-snippet:-1, max-image-preview:large, max-video-preview:-1\" \/>\n<link rel=\"canonical\" href=\"https:\/\/nect.com\/pl\/legal\/informacje-prawne\/\" \/>\n<meta property=\"og:locale\" content=\"pl_PL\" \/>\n<meta property=\"og:type\" content=\"article\" \/>\n<meta property=\"og:title\" content=\"Informacje prawne - Nect\" \/>\n<meta property=\"og:description\" content=\"Kontakt Nect GmbHGro\u00dfer Burstah 2120457 Hamburg Niemcy Telefon: +49 (0) 40 468 974 &#8211; 970 (brak wsparcia!)Internet: nect.comE-mail: hello@nect.com Zarz\u0105d Benny Bennet J\u00fcrgensCarlo Ulbrich Odpowiedzialny za tre\u015bci dziennikarsko-redakcyjne:Martin Nahrgang S\u0105d [&hellip;]\" \/>\n<meta property=\"og:url\" content=\"https:\/\/nect.com\/pl\/legal\/informacje-prawne\/\" \/>\n<meta property=\"og:site_name\" content=\"Nect\" \/>\n<meta property=\"article:publisher\" content=\"https:\/\/www.facebook.com\/NiceToNectYou\/\" \/>\n<meta property=\"article:modified_time\" content=\"2025-09-17T12:33:26+00:00\" \/>\n<meta name=\"twitter:card\" content=\"summary_large_image\" \/>\n<meta name=\"twitter:site\" content=\"@nicetonectyou\" \/>\n<meta name=\"twitter:label1\" content=\"Szacowany czas czytania\" \/>\n\t<meta name=\"twitter:data1\" content=\"1 minuta\" \/>\n<script type=\"application\/ld+json\" class=\"yoast-schema-graph\">{\"@context\":\"https:\/\/schema.org\",\"@graph\":[{\"@type\":\"WebPage\",\"@id\":\"https:\/\/nect.com\/pl\/legal\/informacje-prawne\/\",\"url\":\"https:\/\/nect.com\/pl\/legal\/informacje-prawne\/\",\"name\":\"Informacje prawne - Nect\",\"isPartOf\":{\"@id\":\"https:\/\/nect.com\/pl\/#website\"},\"datePublished\":\"2025-06-17T13:26:21+00:00\",\"dateModified\":\"2025-09-17T12:33:26+00:00\",\"breadcrumb\":{\"@id\":\"https:\/\/nect.com\/pl\/legal\/informacje-prawne\/#breadcrumb\"},\"inLanguage\":\"pl-PL\",\"potentialAction\":[{\"@type\":\"ReadAction\",\"target\":[\"https:\/\/nect.com\/pl\/legal\/informacje-prawne\/\"]}]},{\"@type\":\"BreadcrumbList\",\"@id\":\"https:\/\/nect.com\/pl\/legal\/informacje-prawne\/#breadcrumb\",\"itemListElement\":[{\"@type\":\"ListItem\",\"position\":1,\"name\":\"Startseite\",\"item\":\"https:\/\/nect.com\/pl\/\"},{\"@type\":\"ListItem\",\"position\":2,\"name\":\"Legal\",\"item\":\"https:\/\/nect.com\/pl\/legal\/\"},{\"@type\":\"ListItem\",\"position\":3,\"name\":\"Informacje prawne\"}]},{\"@type\":\"WebSite\",\"@id\":\"https:\/\/nect.com\/pl\/#website\",\"url\":\"https:\/\/nect.com\/pl\/\",\"name\":\"Nect\",\"description\":\"Built for the future of digital identity.\",\"publisher\":{\"@id\":\"https:\/\/nect.com\/pl\/#organization\"},\"potentialAction\":[{\"@type\":\"SearchAction\",\"target\":{\"@type\":\"EntryPoint\",\"urlTemplate\":\"https:\/\/nect.com\/pl\/?s={search_term_string}\"},\"query-input\":{\"@type\":\"PropertyValueSpecification\",\"valueRequired\":true,\"valueName\":\"search_term_string\"}}],\"inLanguage\":\"pl-PL\"},{\"@type\":\"Organization\",\"@id\":\"https:\/\/nect.com\/pl\/#organization\",\"name\":\"Nect\",\"url\":\"https:\/\/nect.com\/pl\/\",\"logo\":{\"@type\":\"ImageObject\",\"inLanguage\":\"pl-PL\",\"@id\":\"https:\/\/nect.com\/pl\/#\/schema\/logo\/image\/\",\"url\":\"https:\/\/nect.com\/wp-content\/uploads\/2025\/05\/Nect_favicon_App.svg\",\"contentUrl\":\"https:\/\/nect.com\/wp-content\/uploads\/2025\/05\/Nect_favicon_App.svg\",\"width\":512,\"height\":512,\"caption\":\"Nect\"},\"image\":{\"@id\":\"https:\/\/nect.com\/pl\/#\/schema\/logo\/image\/\"},\"sameAs\":[\"https:\/\/www.facebook.com\/NiceToNectYou\/\",\"https:\/\/x.com\/nicetonectyou\",\"https:\/\/www.instagram.com\/nect\/\",\"https:\/\/vimeo.com\/nect\/\",\"https:\/\/www.linkedin.com\/company\/nect.com\"]}]}<\/script>\n<!-- \/ Yoast SEO plugin. -->","yoast_head_json":{"title":"Informacje prawne - Nect","robots":{"index":"index","follow":"follow","max-snippet":"max-snippet:-1","max-image-preview":"max-image-preview:large","max-video-preview":"max-video-preview:-1"},"canonical":"https:\/\/nect.com\/pl\/legal\/informacje-prawne\/","og_locale":"pl_PL","og_type":"article","og_title":"Informacje prawne - Nect","og_description":"Kontakt Nect GmbHGro\u00dfer Burstah 2120457 Hamburg Niemcy Telefon: +49 (0) 40 468 974 &#8211; 970 (brak wsparcia!)Internet: nect.comE-mail: hello@nect.com Zarz\u0105d Benny Bennet J\u00fcrgensCarlo Ulbrich Odpowiedzialny za tre\u015bci dziennikarsko-redakcyjne:Martin Nahrgang S\u0105d [&hellip;]","og_url":"https:\/\/nect.com\/pl\/legal\/informacje-prawne\/","og_site_name":"Nect","article_publisher":"https:\/\/www.facebook.com\/NiceToNectYou\/","article_modified_time":"2025-09-17T12:33:26+00:00","twitter_card":"summary_large_image","twitter_site":"@nicetonectyou","twitter_misc":{"Szacowany czas czytania":"1 minuta"},"schema":{"@context":"https:\/\/schema.org","@graph":[{"@type":"WebPage","@id":"https:\/\/nect.com\/pl\/legal\/informacje-prawne\/","url":"https:\/\/nect.com\/pl\/legal\/informacje-prawne\/","name":"Informacje prawne - Nect","isPartOf":{"@id":"https:\/\/nect.com\/pl\/#website"},"datePublished":"2025-06-17T13:26:21+00:00","dateModified":"2025-09-17T12:33:26+00:00","breadcrumb":{"@id":"https:\/\/nect.com\/pl\/legal\/informacje-prawne\/#breadcrumb"},"inLanguage":"pl-PL","potentialAction":[{"@type":"ReadAction","target":["https:\/\/nect.com\/pl\/legal\/informacje-prawne\/"]}]},{"@type":"BreadcrumbList","@id":"https:\/\/nect.com\/pl\/legal\/informacje-prawne\/#breadcrumb","itemListElement":[{"@type":"ListItem","position":1,"name":"Startseite","item":"https:\/\/nect.com\/pl\/"},{"@type":"ListItem","position":2,"name":"Legal","item":"https:\/\/nect.com\/pl\/legal\/"},{"@type":"ListItem","position":3,"name":"Informacje prawne"}]},{"@type":"WebSite","@id":"https:\/\/nect.com\/pl\/#website","url":"https:\/\/nect.com\/pl\/","name":"Nect","description":"Built for the future of digital identity.","publisher":{"@id":"https:\/\/nect.com\/pl\/#organization"},"potentialAction":[{"@type":"SearchAction","target":{"@type":"EntryPoint","urlTemplate":"https:\/\/nect.com\/pl\/?s={search_term_string}"},"query-input":{"@type":"PropertyValueSpecification","valueRequired":true,"valueName":"search_term_string"}}],"inLanguage":"pl-PL"},{"@type":"Organization","@id":"https:\/\/nect.com\/pl\/#organization","name":"Nect","url":"https:\/\/nect.com\/pl\/","logo":{"@type":"ImageObject","inLanguage":"pl-PL","@id":"https:\/\/nect.com\/pl\/#\/schema\/logo\/image\/","url":"https:\/\/nect.com\/wp-content\/uploads\/2025\/05\/Nect_favicon_App.svg","contentUrl":"https:\/\/nect.com\/wp-content\/uploads\/2025\/05\/Nect_favicon_App.svg","width":512,"height":512,"caption":"Nect"},"image":{"@id":"https:\/\/nect.com\/pl\/#\/schema\/logo\/image\/"},"sameAs":["https:\/\/www.facebook.com\/NiceToNectYou\/","https:\/\/x.com\/nicetonectyou","https:\/\/www.instagram.com\/nect\/","https:\/\/vimeo.com\/nect\/","https:\/\/www.linkedin.com\/company\/nect.com"]}]}},"_links":{"self":[{"href":"https:\/\/nect.com\/pl\/wp-json\/wp\/v2\/pages\/3868","targetHints":{"allow":["GET"]}}],"collection":[{"href":"https:\/\/nect.com\/pl\/wp-json\/wp\/v2\/pages"}],"about":[{"href":"https:\/\/nect.com\/pl\/wp-json\/wp\/v2\/types\/page"}],"author":[{"embeddable":true,"href":"https:\/\/nect.com\/pl\/wp-json\/wp\/v2\/users\/1"}],"replies":[{"embeddable":true,"href":"https:\/\/nect.com\/pl\/wp-json\/wp\/v2\/comments?post=3868"}],"version-history":[{"count":1,"href":"https:\/\/nect.com\/pl\/wp-json\/wp\/v2\/pages\/3868\/revisions"}],"predecessor-version":[{"id":3869,"href":"https:\/\/nect.com\/pl\/wp-json\/wp\/v2\/pages\/3868\/revisions\/3869"}],"up":[{"embeddable":true,"href":"https:\/\/nect.com\/pl\/wp-json\/wp\/v2\/pages\/3842"}],"wp:attachment":[{"href":"https:\/\/nect.com\/pl\/wp-json\/wp\/v2\/media?parent=3868"}],"curies":[{"name":"wp","href":"https:\/\/api.w.org\/{rel}","templated":true}]}}