{"id":3989,"date":"2025-06-19T11:55:44","date_gmt":"2025-06-19T09:55:44","guid":{"rendered":"https:\/\/nect.com\/legal\/informacje-prawne-2\/"},"modified":"2025-09-17T15:30:15","modified_gmt":"2025-09-17T13:30:15","slug":"informacje-prawne-2","status":"publish","type":"page","link":"https:\/\/nect.com\/pl\/legal\/informacje-prawne-2\/","title":{"rendered":"Informacje prawne"},"content":{"rendered":"\t\t<div data-elementor-type=\"wp-page\" data-elementor-id=\"3989\" class=\"elementor elementor-3989 elementor-1135\" data-elementor-post-type=\"page\">\n\t\t\t\t<div class=\"elementor-element elementor-element-67626c18 e-flex e-con-boxed e-con e-parent\" data-id=\"67626c18\" data-element_type=\"container\" data-e-type=\"container\" data-settings=\"{&quot;background_background&quot;:&quot;classic&quot;}\">\n\t\t\t\t\t<div class=\"e-con-inner\">\n\t\t\t\t\t<\/div>\n\t\t\t\t<\/div>\n\t\t<div class=\"elementor-element elementor-element-72618567 e-flex e-con-boxed e-con e-parent\" data-id=\"72618567\" data-element_type=\"container\" data-e-type=\"container\">\n\t\t\t\t\t<div class=\"e-con-inner\">\n\t\t<div class=\"elementor-element elementor-element-57891fc6 e-con-full e-flex e-con e-child\" data-id=\"57891fc6\" data-element_type=\"container\" data-e-type=\"container\">\n\t\t<div class=\"elementor-element elementor-element-71437ee9 e-con-full e-flex e-con e-child\" data-id=\"71437ee9\" data-element_type=\"container\" data-e-type=\"container\">\n\t\t\t\t<div class=\"elementor-element elementor-element-9e47a44 elementor-widget__width-inherit elementor-nav-menu--dropdown-none elementor-widget-mobile__width-inherit elementor-widget elementor-widget-nav-menu\" data-id=\"9e47a44\" data-element_type=\"widget\" data-e-type=\"widget\" data-settings=\"{&quot;layout&quot;:&quot;vertical&quot;,&quot;sticky&quot;:&quot;top&quot;,&quot;sticky_offset&quot;:24,&quot;sticky_on&quot;:[&quot;desktop&quot;,&quot;tablet&quot;],&quot;sticky_parent&quot;:&quot;yes&quot;,&quot;submenu_icon&quot;:{&quot;value&quot;:&quot;&lt;svg aria-hidden=\\&quot;true\\&quot; class=\\&quot;e-font-icon-svg e-fas-caret-down\\&quot; viewBox=\\&quot;0 0 320 512\\&quot; xmlns=\\&quot;http:\\\/\\\/www.w3.org\\\/2000\\\/svg\\&quot;&gt;&lt;path d=\\&quot;M31.3 192h257.3c17.8 0 26.7 21.5 14.1 34.1L174.1 354.8c-7.8 7.8-20.5 7.8-28.3 0L17.2 226.1C4.6 213.5 13.5 192 31.3 192z\\&quot;&gt;&lt;\\\/path&gt;&lt;\\\/svg&gt;&quot;,&quot;library&quot;:&quot;fa-solid&quot;},&quot;sticky_effects_offset&quot;:0,&quot;sticky_anchor_link_offset&quot;:0}\" data-widget_type=\"nav-menu.default\">\n\t\t\t\t<div class=\"elementor-widget-container\">\n\t\t\t\t\t\t\t\t<nav aria-label=\"Legal Shortcuts\" class=\"elementor-nav-menu--main elementor-nav-menu__container elementor-nav-menu--layout-vertical e--pointer-background e--animation-fade\">\n\t\t\t\t<ul id=\"menu-1-9e47a44\" class=\"elementor-nav-menu sm-vertical\"><li class=\"menu-item menu-item-type-post_type menu-item-object-page menu-item-1321\"><a href=\"https:\/\/nect.com\/legal\/imprint\/\" class=\"elementor-item\">Informacje prawne<\/a><\/li>\n<li class=\"menu-item menu-item-type-post_type menu-item-object-page menu-item-1322\"><a rel=\"privacy-policy\" href=\"https:\/\/nect.com\/legal\/privacy-policy-website\/\" class=\"elementor-item\">Polityka prywatno\u015bci strony internetowej<\/a><\/li>\n<li class=\"menu-item menu-item-type-post_type menu-item-object-page menu-item-1317\"><a href=\"https:\/\/nect.com\/legal\/privacy-policy-app\/\" class=\"elementor-item\">Polityka prywatno\u015bci aplikacji<\/a><\/li>\n<li class=\"menu-item menu-item-type-post_type menu-item-object-page menu-item-1318\"><a href=\"https:\/\/nect.com\/legal\/terms\/\" class=\"elementor-item\">OWH<\/a><\/li>\n<li class=\"menu-item menu-item-type-post_type menu-item-object-page menu-item-1319\"><a href=\"https:\/\/nect.com\/legal\/responsible-disclosure\/\" class=\"elementor-item\">Odpowiedzialne ujawnianie<\/a><\/li>\n<li class=\"menu-item menu-item-type-post_type menu-item-object-page menu-item-1320\"><a href=\"https:\/\/nect.com\/legal\/legal-notice\/\" class=\"elementor-item\">Informacje prawne<\/a><\/li>\n<li class=\"menu-item menu-item-type-custom menu-item-object-custom menu-item-4389\"><a href=\"https:\/\/support.nect.com\/de\/privacy-concern\/\" class=\"elementor-item\">Betroffenenrechte<\/a><\/li>\n<\/ul>\t\t\t<\/nav>\n\t\t\t\t\t\t<nav class=\"elementor-nav-menu--dropdown elementor-nav-menu__container\" aria-hidden=\"true\">\n\t\t\t\t<ul id=\"menu-2-9e47a44\" class=\"elementor-nav-menu sm-vertical\"><li class=\"menu-item menu-item-type-post_type menu-item-object-page menu-item-1321\"><a href=\"https:\/\/nect.com\/legal\/imprint\/\" class=\"elementor-item\" tabindex=\"-1\">Informacje prawne<\/a><\/li>\n<li class=\"menu-item menu-item-type-post_type menu-item-object-page menu-item-1322\"><a rel=\"privacy-policy\" href=\"https:\/\/nect.com\/legal\/privacy-policy-website\/\" class=\"elementor-item\" tabindex=\"-1\">Polityka prywatno\u015bci strony internetowej<\/a><\/li>\n<li class=\"menu-item menu-item-type-post_type menu-item-object-page menu-item-1317\"><a href=\"https:\/\/nect.com\/legal\/privacy-policy-app\/\" class=\"elementor-item\" tabindex=\"-1\">Polityka prywatno\u015bci aplikacji<\/a><\/li>\n<li class=\"menu-item menu-item-type-post_type menu-item-object-page menu-item-1318\"><a href=\"https:\/\/nect.com\/legal\/terms\/\" class=\"elementor-item\" tabindex=\"-1\">OWH<\/a><\/li>\n<li class=\"menu-item menu-item-type-post_type menu-item-object-page menu-item-1319\"><a href=\"https:\/\/nect.com\/legal\/responsible-disclosure\/\" class=\"elementor-item\" tabindex=\"-1\">Odpowiedzialne ujawnianie<\/a><\/li>\n<li class=\"menu-item menu-item-type-post_type menu-item-object-page menu-item-1320\"><a href=\"https:\/\/nect.com\/legal\/legal-notice\/\" class=\"elementor-item\" tabindex=\"-1\">Informacje prawne<\/a><\/li>\n<li class=\"menu-item menu-item-type-custom menu-item-object-custom menu-item-4389\"><a href=\"https:\/\/support.nect.com\/de\/privacy-concern\/\" class=\"elementor-item\" tabindex=\"-1\">Betroffenenrechte<\/a><\/li>\n<\/ul>\t\t\t<\/nav>\n\t\t\t\t\t\t<\/div>\n\t\t\t\t<\/div>\n\t\t\t\t<\/div>\n\t\t\t\t<\/div>\n\t\t<div class=\"elementor-element elementor-element-990549f e-con-full e-flex e-con e-child\" data-id=\"990549f\" data-element_type=\"container\" data-e-type=\"container\" data-settings=\"{&quot;background_background&quot;:&quot;classic&quot;,&quot;background_motion_fx_motion_fx_scrolling&quot;:&quot;yes&quot;,&quot;background_motion_fx_translateY_effect&quot;:&quot;yes&quot;,&quot;background_motion_fx_translateY_direction&quot;:&quot;negative&quot;,&quot;background_motion_fx_translateY_speed&quot;:{&quot;unit&quot;:&quot;px&quot;,&quot;size&quot;:7,&quot;sizes&quot;:[]},&quot;background_motion_fx_translateX_effect&quot;:&quot;yes&quot;,&quot;background_motion_fx_translateX_direction&quot;:&quot;negative&quot;,&quot;background_motion_fx_translateX_speed&quot;:{&quot;unit&quot;:&quot;px&quot;,&quot;size&quot;:2,&quot;sizes&quot;:[]},&quot;background_motion_fx_opacity_effect&quot;:&quot;yes&quot;,&quot;background_motion_fx_opacity_direction&quot;:&quot;in-out&quot;,&quot;background_motion_fx_translateY_affectedRange&quot;:{&quot;unit&quot;:&quot;%&quot;,&quot;size&quot;:&quot;&quot;,&quot;sizes&quot;:{&quot;start&quot;:0,&quot;end&quot;:100}},&quot;background_motion_fx_translateX_affectedRange&quot;:{&quot;unit&quot;:&quot;%&quot;,&quot;size&quot;:&quot;&quot;,&quot;sizes&quot;:{&quot;start&quot;:0,&quot;end&quot;:100}},&quot;background_motion_fx_opacity_level&quot;:{&quot;unit&quot;:&quot;px&quot;,&quot;size&quot;:10,&quot;sizes&quot;:[]},&quot;background_motion_fx_opacity_range&quot;:{&quot;unit&quot;:&quot;%&quot;,&quot;size&quot;:&quot;&quot;,&quot;sizes&quot;:{&quot;start&quot;:20,&quot;end&quot;:80}},&quot;background_motion_fx_devices&quot;:[&quot;desktop&quot;,&quot;tablet&quot;,&quot;mobile&quot;]}\">\n\t\t\t\t<div class=\"elementor-element elementor-element-bbd8130 elementor-widget elementor-widget-heading\" data-id=\"bbd8130\" data-element_type=\"widget\" data-e-type=\"widget\" data-widget_type=\"heading.default\">\n\t\t\t\t<div class=\"elementor-widget-container\">\n\t\t\t\t\t<h2 class=\"elementor-heading-title elementor-size-default\">Informacje og\u00f3lne<\/h2>\t\t\t\t<\/div>\n\t\t\t\t<\/div>\n\t\t\t\t<div class=\"elementor-element elementor-element-8bed85e elementor-widget elementor-widget-text-editor\" data-id=\"8bed85e\" data-element_type=\"widget\" data-e-type=\"widget\" data-widget_type=\"text-editor.default\">\n\t\t\t\t<div class=\"elementor-widget-container\">\n\t\t\t\t\t\t\t\t\t<p class=\"legal-section_body\">Dzi\u0119kujemy za korzystanie z naszej strony internetowej. Informacje i dane udost\u0119pnione na tej stronie s\u0142u\u017c\u0105 wy\u0142\u0105cznie celom informacyjnym. Dok\u0142adamy wszelkich stara\u0144, aby dostarcza\u0107 Pa\u0144stwu na naszej stronie tylko prawid\u0142owych i aktualnych informacji, kt\u00f3re zosta\u0142y przez nas sprawdzone zgodnie z nasz\u0105 najlepsz\u0105 wiedz\u0105. Jednak mimo wszelkiej staranno\u015bci nie mo\u017cemy ca\u0142kowicie wykluczy\u0107 b\u0142\u0119d\u00f3w lub nie\u015bcis\u0142o\u015bci. Prosimy o uwzgl\u0119dnienie tego podczas korzystania z informacji.   <\/p>\t\t\t\t\t\t\t\t<\/div>\n\t\t\t\t<\/div>\n\t\t\t\t<div class=\"elementor-element elementor-element-43d8f4f elementor-widget elementor-widget-heading\" data-id=\"43d8f4f\" data-element_type=\"widget\" data-e-type=\"widget\" data-widget_type=\"heading.default\">\n\t\t\t\t<div class=\"elementor-widget-container\">\n\t\t\t\t\t<h2 class=\"elementor-heading-title elementor-size-default\">Tre\u015bci obce<\/h2>\t\t\t\t<\/div>\n\t\t\t\t<\/div>\n\t\t\t\t<div class=\"elementor-element elementor-element-e668302 elementor-widget elementor-widget-text-editor\" data-id=\"e668302\" data-element_type=\"widget\" data-e-type=\"widget\" data-widget_type=\"text-editor.default\">\n\t\t\t\t<div class=\"elementor-widget-container\">\n\t\t\t\t\t\t\t\t\t<p class=\"legal-section_body\">Strona internetowa mo\u017ce zawiera\u0107 odniesienia do obcych stron internetowych (linki). Te powi\u0105zane strony internetowe s\u0105 tre\u015bciami os\u00f3b trzecich, kt\u00f3rych nie uznajemy za w\u0142asne. Powi\u0105zane tre\u015bci s\u0105 przez nas przegl\u0105dane w momencie umieszczania linku, jednak nie mamy \u017cadnego wp\u0142ywu na przysz\u0142y wygl\u0105d powi\u0105zanych stron internetowych i ich tre\u015bci. Odpowiedzialno\u015b\u0107 za takie tre\u015bci jest zatem wykluczona, z wyj\u0105tkiem przypadk\u00f3w przewidzianych przez prawo.   <\/p>\t\t\t\t\t\t\t\t<\/div>\n\t\t\t\t<\/div>\n\t\t\t\t<div class=\"elementor-element elementor-element-7b8d5c9 elementor-widget elementor-widget-heading\" data-id=\"7b8d5c9\" data-element_type=\"widget\" data-e-type=\"widget\" data-widget_type=\"heading.default\">\n\t\t\t\t<div class=\"elementor-widget-container\">\n\t\t\t\t\t<h2 class=\"elementor-heading-title elementor-size-default\">Prawa autorskie<\/h2>\t\t\t\t<\/div>\n\t\t\t\t<\/div>\n\t\t\t\t<div class=\"elementor-element elementor-element-c33fee4 elementor-widget elementor-widget-text-editor\" data-id=\"c33fee4\" data-element_type=\"widget\" data-e-type=\"widget\" data-widget_type=\"text-editor.default\">\n\t\t\t\t<div class=\"elementor-widget-container\">\n\t\t\t\t\t\t\t\t\t<p class=\"legal-section_body\">Tre\u015bci oferty internetowej tej strony (w szczeg\u00f3lno\u015bci teksty i grafiki, a tak\u017ce zdj\u0119cia, sekwencje d\u017awi\u0119kowe i wideo) podlegaj\u0105 ochronie praw autorskich. Powielanie lub wykorzystywanie tych tre\u015bci lub ich cz\u0119\u015bci bez naszej wyra\u017anej zgody jest niedozwolone. Prawa do znak\u00f3w towarowych u\u017cywanych w ramach tej oferty internetowej nale\u017c\u0105 do nas lub do ich odpowiednich w\u0142a\u015bcicieli lub licencjobiorc\u00f3w.  <\/p><p class=\"legal-section_body\">O ile tre\u015bci na tej stronie nie zosta\u0142y stworzone przez nas, przestrzegamy praw autorskich os\u00f3b trzecich i ich znak\u00f3w towarowych. W szczeg\u00f3lno\u015bci tre\u015bci os\u00f3b trzecich s\u0105 oznaczone jako takie. Je\u015bli mimo to zauwa\u017c\u0105 Pa\u0144stwo naruszenie praw autorskich, prosimy o stosowne powiadomienie. Po uzyskaniu informacji o naruszeniach prawa niezw\u0142ocznie usuniemy takie tre\u015bci.   <\/p>\t\t\t\t\t\t\t\t<\/div>\n\t\t\t\t<\/div>\n\t\t\t\t<div class=\"elementor-element elementor-element-c48c639 elementor-widget elementor-widget-heading\" data-id=\"c48c639\" data-element_type=\"widget\" data-e-type=\"widget\" data-widget_type=\"heading.default\">\n\t\t\t\t<div class=\"elementor-widget-container\">\n\t\t\t\t\t<h2 class=\"elementor-heading-title elementor-size-default\">Zakaz reklamy<\/h2>\t\t\t\t<\/div>\n\t\t\t\t<\/div>\n\t\t\t\t<div class=\"elementor-element elementor-element-50352f1 elementor-widget elementor-widget-text-editor\" data-id=\"50352f1\" data-element_type=\"widget\" data-e-type=\"widget\" data-widget_type=\"text-editor.default\">\n\t\t\t\t<div class=\"elementor-widget-container\">\n\t\t\t\t\t\t\t\t\t<div class=\"container first_after_navbar\"><section class=\"legal-section\"><p class=\"legal-section_body\">Korzystanie z danych kontaktowych opublikowanych przez nas w ramach informacji o firmie lub podobnych danych, takich jak adresy pocztowe i numery telefon\u00f3w oraz adresy e-mail, do przesy\u0142ania informacji, o kt\u00f3re wyra\u017anie nie proszono (reklamy), jest niedozwolone.<\/p><\/section><\/div>\t\t\t\t\t\t\t\t<\/div>\n\t\t\t\t<\/div>\n\t\t\t\t<div class=\"elementor-element elementor-element-e4dac50 elementor-widget elementor-widget-heading\" data-id=\"e4dac50\" data-element_type=\"widget\" data-e-type=\"widget\" data-widget_type=\"heading.default\">\n\t\t\t\t<div class=\"elementor-widget-container\">\n\t\t\t\t\t<h2 class=\"elementor-heading-title elementor-size-default\">Portal dla sygnalist\u00f3w<\/h2>\t\t\t\t<\/div>\n\t\t\t\t<\/div>\n\t\t\t\t<div class=\"elementor-element elementor-element-dfbf96e elementor-widget elementor-widget-text-editor\" data-id=\"dfbf96e\" data-element_type=\"widget\" data-e-type=\"widget\" data-widget_type=\"text-editor.default\">\n\t\t\t\t<div class=\"elementor-widget-container\">\n\t\t\t\t\t\t\t\t\t<p>Chcesz zg\u0142osi\u0107 nieprawid\u0142owo\u015bci lub naruszenia zasad? Za po\u015brednictwem naszego portalu dla sygnalist\u00f3w mo\u017cesz z\u0142o\u017cy\u0107 poufne i anonimowe zg\u0142oszenie. <a href=\"https:\/\/app.kenjo.io\/whistleblower\/c2a7efb6d5a57596566635f7b4b397a28c2caf988a905b346c8e690e7bfab09e\">Tutaj<\/a> przejdziesz do portalu dla sygnalist\u00f3w. <\/p>\t\t\t\t\t\t\t\t<\/div>\n\t\t\t\t<\/div>\n\t\t\t\t<\/div>\n\t\t\t\t\t<\/div>\n\t\t\t\t<\/div>\n\t\t\t\t<\/div>\n\t\t","protected":false},"excerpt":{"rendered":"<p>Informacje og\u00f3lne Dzi\u0119kujemy za korzystanie z naszej strony internetowej. Informacje i dane udost\u0119pnione na tej stronie s\u0142u\u017c\u0105 wy\u0142\u0105cznie celom informacyjnym. Dok\u0142adamy wszelkich stara\u0144, aby dostarcza\u0107 Pa\u0144stwu na naszej stronie tylko [&hellip;]<\/p>\n","protected":false},"author":1,"featured_media":0,"parent":3842,"menu_order":0,"comment_status":"closed","ping_status":"closed","template":"","meta":{"footnotes":""},"class_list":["post-3989","page","type-page","status-publish","hentry"],"yoast_head":"<!-- This site is optimized with the Yoast SEO plugin v27.2 - https:\/\/yoast.com\/product\/yoast-seo-wordpress\/ -->\n<title>Informacje prawne - Nect<\/title>\n<meta name=\"robots\" content=\"index, follow, max-snippet:-1, max-image-preview:large, max-video-preview:-1\" \/>\n<link rel=\"canonical\" href=\"https:\/\/nect.com\/pl\/legal\/informacje-prawne-2\/\" \/>\n<meta property=\"og:locale\" content=\"pl_PL\" \/>\n<meta property=\"og:type\" content=\"article\" \/>\n<meta property=\"og:title\" content=\"Informacje prawne - Nect\" \/>\n<meta property=\"og:description\" content=\"Informacje og\u00f3lne Dzi\u0119kujemy za korzystanie z naszej strony internetowej. Informacje i dane udost\u0119pnione na tej stronie s\u0142u\u017c\u0105 wy\u0142\u0105cznie celom informacyjnym. Dok\u0142adamy wszelkich stara\u0144, aby dostarcza\u0107 Pa\u0144stwu na naszej stronie tylko [&hellip;]\" \/>\n<meta property=\"og:url\" content=\"https:\/\/nect.com\/pl\/legal\/informacje-prawne-2\/\" \/>\n<meta property=\"og:site_name\" content=\"Nect\" \/>\n<meta property=\"article:publisher\" content=\"https:\/\/www.facebook.com\/NiceToNectYou\/\" \/>\n<meta property=\"article:modified_time\" content=\"2025-09-17T13:30:15+00:00\" \/>\n<meta name=\"twitter:card\" content=\"summary_large_image\" \/>\n<meta name=\"twitter:site\" content=\"@nicetonectyou\" \/>\n<meta name=\"twitter:label1\" content=\"Szacowany czas czytania\" \/>\n\t<meta name=\"twitter:data1\" content=\"2 minuty\" \/>\n<script type=\"application\/ld+json\" class=\"yoast-schema-graph\">{\"@context\":\"https:\/\/schema.org\",\"@graph\":[{\"@type\":\"WebPage\",\"@id\":\"https:\/\/nect.com\/pl\/legal\/informacje-prawne-2\/\",\"url\":\"https:\/\/nect.com\/pl\/legal\/informacje-prawne-2\/\",\"name\":\"Informacje prawne - Nect\",\"isPartOf\":{\"@id\":\"https:\/\/nect.com\/pl\/#website\"},\"datePublished\":\"2025-06-19T09:55:44+00:00\",\"dateModified\":\"2025-09-17T13:30:15+00:00\",\"breadcrumb\":{\"@id\":\"https:\/\/nect.com\/pl\/legal\/informacje-prawne-2\/#breadcrumb\"},\"inLanguage\":\"pl-PL\",\"potentialAction\":[{\"@type\":\"ReadAction\",\"target\":[\"https:\/\/nect.com\/pl\/legal\/informacje-prawne-2\/\"]}]},{\"@type\":\"BreadcrumbList\",\"@id\":\"https:\/\/nect.com\/pl\/legal\/informacje-prawne-2\/#breadcrumb\",\"itemListElement\":[{\"@type\":\"ListItem\",\"position\":1,\"name\":\"Startseite\",\"item\":\"https:\/\/nect.com\/pl\/\"},{\"@type\":\"ListItem\",\"position\":2,\"name\":\"Legal\",\"item\":\"https:\/\/nect.com\/pl\/legal\/\"},{\"@type\":\"ListItem\",\"position\":3,\"name\":\"Informacje prawne\"}]},{\"@type\":\"WebSite\",\"@id\":\"https:\/\/nect.com\/pl\/#website\",\"url\":\"https:\/\/nect.com\/pl\/\",\"name\":\"Nect\",\"description\":\"Built for the future of digital identity.\",\"publisher\":{\"@id\":\"https:\/\/nect.com\/pl\/#organization\"},\"potentialAction\":[{\"@type\":\"SearchAction\",\"target\":{\"@type\":\"EntryPoint\",\"urlTemplate\":\"https:\/\/nect.com\/pl\/?s={search_term_string}\"},\"query-input\":{\"@type\":\"PropertyValueSpecification\",\"valueRequired\":true,\"valueName\":\"search_term_string\"}}],\"inLanguage\":\"pl-PL\"},{\"@type\":\"Organization\",\"@id\":\"https:\/\/nect.com\/pl\/#organization\",\"name\":\"Nect\",\"url\":\"https:\/\/nect.com\/pl\/\",\"logo\":{\"@type\":\"ImageObject\",\"inLanguage\":\"pl-PL\",\"@id\":\"https:\/\/nect.com\/pl\/#\/schema\/logo\/image\/\",\"url\":\"https:\/\/nect.com\/wp-content\/uploads\/2025\/05\/Nect_favicon_App.svg\",\"contentUrl\":\"https:\/\/nect.com\/wp-content\/uploads\/2025\/05\/Nect_favicon_App.svg\",\"width\":512,\"height\":512,\"caption\":\"Nect\"},\"image\":{\"@id\":\"https:\/\/nect.com\/pl\/#\/schema\/logo\/image\/\"},\"sameAs\":[\"https:\/\/www.facebook.com\/NiceToNectYou\/\",\"https:\/\/x.com\/nicetonectyou\",\"https:\/\/www.instagram.com\/nect\/\",\"https:\/\/vimeo.com\/nect\/\",\"https:\/\/www.linkedin.com\/company\/nect.com\"]}]}<\/script>\n<!-- \/ Yoast SEO plugin. -->","yoast_head_json":{"title":"Informacje prawne - Nect","robots":{"index":"index","follow":"follow","max-snippet":"max-snippet:-1","max-image-preview":"max-image-preview:large","max-video-preview":"max-video-preview:-1"},"canonical":"https:\/\/nect.com\/pl\/legal\/informacje-prawne-2\/","og_locale":"pl_PL","og_type":"article","og_title":"Informacje prawne - Nect","og_description":"Informacje og\u00f3lne Dzi\u0119kujemy za korzystanie z naszej strony internetowej. Informacje i dane udost\u0119pnione na tej stronie s\u0142u\u017c\u0105 wy\u0142\u0105cznie celom informacyjnym. Dok\u0142adamy wszelkich stara\u0144, aby dostarcza\u0107 Pa\u0144stwu na naszej stronie tylko [&hellip;]","og_url":"https:\/\/nect.com\/pl\/legal\/informacje-prawne-2\/","og_site_name":"Nect","article_publisher":"https:\/\/www.facebook.com\/NiceToNectYou\/","article_modified_time":"2025-09-17T13:30:15+00:00","twitter_card":"summary_large_image","twitter_site":"@nicetonectyou","twitter_misc":{"Szacowany czas czytania":"2 minuty"},"schema":{"@context":"https:\/\/schema.org","@graph":[{"@type":"WebPage","@id":"https:\/\/nect.com\/pl\/legal\/informacje-prawne-2\/","url":"https:\/\/nect.com\/pl\/legal\/informacje-prawne-2\/","name":"Informacje prawne - Nect","isPartOf":{"@id":"https:\/\/nect.com\/pl\/#website"},"datePublished":"2025-06-19T09:55:44+00:00","dateModified":"2025-09-17T13:30:15+00:00","breadcrumb":{"@id":"https:\/\/nect.com\/pl\/legal\/informacje-prawne-2\/#breadcrumb"},"inLanguage":"pl-PL","potentialAction":[{"@type":"ReadAction","target":["https:\/\/nect.com\/pl\/legal\/informacje-prawne-2\/"]}]},{"@type":"BreadcrumbList","@id":"https:\/\/nect.com\/pl\/legal\/informacje-prawne-2\/#breadcrumb","itemListElement":[{"@type":"ListItem","position":1,"name":"Startseite","item":"https:\/\/nect.com\/pl\/"},{"@type":"ListItem","position":2,"name":"Legal","item":"https:\/\/nect.com\/pl\/legal\/"},{"@type":"ListItem","position":3,"name":"Informacje prawne"}]},{"@type":"WebSite","@id":"https:\/\/nect.com\/pl\/#website","url":"https:\/\/nect.com\/pl\/","name":"Nect","description":"Built for the future of digital identity.","publisher":{"@id":"https:\/\/nect.com\/pl\/#organization"},"potentialAction":[{"@type":"SearchAction","target":{"@type":"EntryPoint","urlTemplate":"https:\/\/nect.com\/pl\/?s={search_term_string}"},"query-input":{"@type":"PropertyValueSpecification","valueRequired":true,"valueName":"search_term_string"}}],"inLanguage":"pl-PL"},{"@type":"Organization","@id":"https:\/\/nect.com\/pl\/#organization","name":"Nect","url":"https:\/\/nect.com\/pl\/","logo":{"@type":"ImageObject","inLanguage":"pl-PL","@id":"https:\/\/nect.com\/pl\/#\/schema\/logo\/image\/","url":"https:\/\/nect.com\/wp-content\/uploads\/2025\/05\/Nect_favicon_App.svg","contentUrl":"https:\/\/nect.com\/wp-content\/uploads\/2025\/05\/Nect_favicon_App.svg","width":512,"height":512,"caption":"Nect"},"image":{"@id":"https:\/\/nect.com\/pl\/#\/schema\/logo\/image\/"},"sameAs":["https:\/\/www.facebook.com\/NiceToNectYou\/","https:\/\/x.com\/nicetonectyou","https:\/\/www.instagram.com\/nect\/","https:\/\/vimeo.com\/nect\/","https:\/\/www.linkedin.com\/company\/nect.com"]}]}},"_links":{"self":[{"href":"https:\/\/nect.com\/pl\/wp-json\/wp\/v2\/pages\/3989","targetHints":{"allow":["GET"]}}],"collection":[{"href":"https:\/\/nect.com\/pl\/wp-json\/wp\/v2\/pages"}],"about":[{"href":"https:\/\/nect.com\/pl\/wp-json\/wp\/v2\/types\/page"}],"author":[{"embeddable":true,"href":"https:\/\/nect.com\/pl\/wp-json\/wp\/v2\/users\/1"}],"replies":[{"embeddable":true,"href":"https:\/\/nect.com\/pl\/wp-json\/wp\/v2\/comments?post=3989"}],"version-history":[{"count":1,"href":"https:\/\/nect.com\/pl\/wp-json\/wp\/v2\/pages\/3989\/revisions"}],"predecessor-version":[{"id":3990,"href":"https:\/\/nect.com\/pl\/wp-json\/wp\/v2\/pages\/3989\/revisions\/3990"}],"up":[{"embeddable":true,"href":"https:\/\/nect.com\/pl\/wp-json\/wp\/v2\/pages\/3842"}],"wp:attachment":[{"href":"https:\/\/nect.com\/pl\/wp-json\/wp\/v2\/media?parent=3989"}],"curies":[{"name":"wp","href":"https:\/\/api.w.org\/{rel}","templated":true}]}}