{"id":4626,"date":"2025-11-11T14:44:10","date_gmt":"2025-11-11T13:44:10","guid":{"rendered":"https:\/\/nect.com\/?page_id=4626"},"modified":"2025-11-11T15:04:59","modified_gmt":"2025-11-11T14:04:59","slug":"dziekujemy-2","status":"publish","type":"page","link":"https:\/\/nect.com\/pl\/dziekujemy-2\/","title":{"rendered":"Dzi\u0119kujemy"},"content":{"rendered":"\t\t<div data-elementor-type=\"wp-page\" data-elementor-id=\"4626\" class=\"elementor elementor-4626 elementor-4623\" data-elementor-post-type=\"page\">\n\t\t\t\t<div class=\"elementor-element elementor-element-c46090f e-flex e-con-boxed e-con e-parent\" data-id=\"c46090f\" data-element_type=\"container\" data-e-type=\"container\">\n\t\t\t\t\t<div class=\"e-con-inner\">\n\t\t\t\t<div class=\"elementor-element elementor-element-f528abe elementor-widget elementor-widget-heading\" data-id=\"f528abe\" data-element_type=\"widget\" data-e-type=\"widget\" data-widget_type=\"heading.default\">\n\t\t\t\t<div class=\"elementor-widget-container\">\n\t\t\t\t\t<h2 class=\"elementor-heading-title elementor-size-default\">Serdecznie dzi\u0119kujemy!<\/h2>\t\t\t\t<\/div>\n\t\t\t\t<\/div>\n\t\t\t\t<div class=\"elementor-element elementor-element-ae5915c elementor-widget elementor-widget-text-editor\" data-id=\"ae5915c\" data-element_type=\"widget\" data-e-type=\"widget\" data-widget_type=\"text-editor.default\">\n\t\t\t\t<div class=\"elementor-widget-container\">\n\t\t\t\t\t\t\t\t\t<p>Otrzymali\u015bmy Pa\u0144stwa zapytanie. Sprawdzimy je i niezw\u0142ocznie si\u0119 z Pa\u0144stwem skontaktujemy. <\/p>\t\t\t\t\t\t\t\t<\/div>\n\t\t\t\t<\/div>\n\t\t\t\t<div class=\"elementor-element elementor-element-c1cffcb elementor-widget elementor-widget-button\" data-id=\"c1cffcb\" data-element_type=\"widget\" data-e-type=\"widget\" data-widget_type=\"button.default\">\n\t\t\t\t<div class=\"elementor-widget-container\">\n\t\t\t\t\t\t\t\t\t<div class=\"elementor-button-wrapper\">\n\t\t\t\t\t<a class=\"elementor-button elementor-button-link elementor-size-sm\" href=\"https:\/\/nect.com\/pl\/\">\n\t\t\t\t\t\t<span class=\"elementor-button-content-wrapper\">\n\t\t\t\t\t\t\t\t\t<span class=\"elementor-button-text\">Powr\u00f3t do strony g\u0142\u00f3wnej<\/span>\n\t\t\t\t\t<\/span>\n\t\t\t\t\t<\/a>\n\t\t\t\t<\/div>\n\t\t\t\t\t\t\t\t<\/div>\n\t\t\t\t<\/div>\n\t\t\t\t\t<\/div>\n\t\t\t\t<\/div>\n\t\t\t\t<\/div>\n\t\t","protected":false},"excerpt":{"rendered":"<p>Serdecznie dzi\u0119kujemy! Otrzymali\u015bmy Pa\u0144stwa zapytanie. Sprawdzimy je i niezw\u0142ocznie si\u0119 z Pa\u0144stwem skontaktujemy. Powr\u00f3t do strony g\u0142\u00f3wnej<\/p>\n","protected":false},"author":3,"featured_media":0,"parent":0,"menu_order":0,"comment_status":"closed","ping_status":"closed","template":"","meta":{"footnotes":""},"class_list":["post-4626","page","type-page","status-publish","hentry"],"yoast_head":"<!-- This site is optimized with the Yoast SEO plugin v27.2 - https:\/\/yoast.com\/product\/yoast-seo-wordpress\/ -->\n<title>Dzi\u0119kujemy - Nect<\/title>\n<meta name=\"robots\" content=\"index, follow, max-snippet:-1, max-image-preview:large, max-video-preview:-1\" \/>\n<link rel=\"canonical\" href=\"https:\/\/nect.com\/pl\/dziekujemy-2\/\" \/>\n<meta property=\"og:locale\" content=\"pl_PL\" \/>\n<meta property=\"og:type\" content=\"article\" \/>\n<meta property=\"og:title\" content=\"Dzi\u0119kujemy - Nect\" \/>\n<meta property=\"og:description\" content=\"Serdecznie dzi\u0119kujemy! Otrzymali\u015bmy Pa\u0144stwa zapytanie. Sprawdzimy je i niezw\u0142ocznie si\u0119 z Pa\u0144stwem skontaktujemy. Powr\u00f3t do strony g\u0142\u00f3wnej\" \/>\n<meta property=\"og:url\" content=\"https:\/\/nect.com\/pl\/dziekujemy-2\/\" \/>\n<meta property=\"og:site_name\" content=\"Nect\" \/>\n<meta property=\"article:publisher\" content=\"https:\/\/www.facebook.com\/NiceToNectYou\/\" \/>\n<meta property=\"article:modified_time\" content=\"2025-11-11T14:04:59+00:00\" \/>\n<meta name=\"twitter:card\" content=\"summary_large_image\" \/>\n<meta name=\"twitter:site\" content=\"@nicetonectyou\" \/>\n<script type=\"application\/ld+json\" class=\"yoast-schema-graph\">{\"@context\":\"https:\/\/schema.org\",\"@graph\":[{\"@type\":\"WebPage\",\"@id\":\"https:\/\/nect.com\/pl\/dziekujemy-2\/\",\"url\":\"https:\/\/nect.com\/pl\/dziekujemy-2\/\",\"name\":\"Dzi\u0119kujemy - Nect\",\"isPartOf\":{\"@id\":\"https:\/\/nect.com\/pl\/#website\"},\"datePublished\":\"2025-11-11T13:44:10+00:00\",\"dateModified\":\"2025-11-11T14:04:59+00:00\",\"breadcrumb\":{\"@id\":\"https:\/\/nect.com\/pl\/dziekujemy-2\/#breadcrumb\"},\"inLanguage\":\"pl-PL\",\"potentialAction\":[{\"@type\":\"ReadAction\",\"target\":[\"https:\/\/nect.com\/pl\/dziekujemy-2\/\"]}]},{\"@type\":\"BreadcrumbList\",\"@id\":\"https:\/\/nect.com\/pl\/dziekujemy-2\/#breadcrumb\",\"itemListElement\":[{\"@type\":\"ListItem\",\"position\":1,\"name\":\"Startseite\",\"item\":\"https:\/\/nect.com\/pl\/\"},{\"@type\":\"ListItem\",\"position\":2,\"name\":\"Dzi\u0119kujemy\"}]},{\"@type\":\"WebSite\",\"@id\":\"https:\/\/nect.com\/pl\/#website\",\"url\":\"https:\/\/nect.com\/pl\/\",\"name\":\"Nect\",\"description\":\"Built for the future of digital identity.\",\"publisher\":{\"@id\":\"https:\/\/nect.com\/pl\/#organization\"},\"potentialAction\":[{\"@type\":\"SearchAction\",\"target\":{\"@type\":\"EntryPoint\",\"urlTemplate\":\"https:\/\/nect.com\/pl\/?s={search_term_string}\"},\"query-input\":{\"@type\":\"PropertyValueSpecification\",\"valueRequired\":true,\"valueName\":\"search_term_string\"}}],\"inLanguage\":\"pl-PL\"},{\"@type\":\"Organization\",\"@id\":\"https:\/\/nect.com\/pl\/#organization\",\"name\":\"Nect\",\"url\":\"https:\/\/nect.com\/pl\/\",\"logo\":{\"@type\":\"ImageObject\",\"inLanguage\":\"pl-PL\",\"@id\":\"https:\/\/nect.com\/pl\/#\/schema\/logo\/image\/\",\"url\":\"https:\/\/nect.com\/wp-content\/uploads\/2025\/05\/Nect_favicon_App.svg\",\"contentUrl\":\"https:\/\/nect.com\/wp-content\/uploads\/2025\/05\/Nect_favicon_App.svg\",\"width\":512,\"height\":512,\"caption\":\"Nect\"},\"image\":{\"@id\":\"https:\/\/nect.com\/pl\/#\/schema\/logo\/image\/\"},\"sameAs\":[\"https:\/\/www.facebook.com\/NiceToNectYou\/\",\"https:\/\/x.com\/nicetonectyou\",\"https:\/\/www.instagram.com\/nect\/\",\"https:\/\/vimeo.com\/nect\/\",\"https:\/\/www.linkedin.com\/company\/nect.com\"]}]}<\/script>\n<!-- \/ Yoast SEO plugin. -->","yoast_head_json":{"title":"Dzi\u0119kujemy - Nect","robots":{"index":"index","follow":"follow","max-snippet":"max-snippet:-1","max-image-preview":"max-image-preview:large","max-video-preview":"max-video-preview:-1"},"canonical":"https:\/\/nect.com\/pl\/dziekujemy-2\/","og_locale":"pl_PL","og_type":"article","og_title":"Dzi\u0119kujemy - Nect","og_description":"Serdecznie dzi\u0119kujemy! Otrzymali\u015bmy Pa\u0144stwa zapytanie. Sprawdzimy je i niezw\u0142ocznie si\u0119 z Pa\u0144stwem skontaktujemy. Powr\u00f3t do strony g\u0142\u00f3wnej","og_url":"https:\/\/nect.com\/pl\/dziekujemy-2\/","og_site_name":"Nect","article_publisher":"https:\/\/www.facebook.com\/NiceToNectYou\/","article_modified_time":"2025-11-11T14:04:59+00:00","twitter_card":"summary_large_image","twitter_site":"@nicetonectyou","schema":{"@context":"https:\/\/schema.org","@graph":[{"@type":"WebPage","@id":"https:\/\/nect.com\/pl\/dziekujemy-2\/","url":"https:\/\/nect.com\/pl\/dziekujemy-2\/","name":"Dzi\u0119kujemy - Nect","isPartOf":{"@id":"https:\/\/nect.com\/pl\/#website"},"datePublished":"2025-11-11T13:44:10+00:00","dateModified":"2025-11-11T14:04:59+00:00","breadcrumb":{"@id":"https:\/\/nect.com\/pl\/dziekujemy-2\/#breadcrumb"},"inLanguage":"pl-PL","potentialAction":[{"@type":"ReadAction","target":["https:\/\/nect.com\/pl\/dziekujemy-2\/"]}]},{"@type":"BreadcrumbList","@id":"https:\/\/nect.com\/pl\/dziekujemy-2\/#breadcrumb","itemListElement":[{"@type":"ListItem","position":1,"name":"Startseite","item":"https:\/\/nect.com\/pl\/"},{"@type":"ListItem","position":2,"name":"Dzi\u0119kujemy"}]},{"@type":"WebSite","@id":"https:\/\/nect.com\/pl\/#website","url":"https:\/\/nect.com\/pl\/","name":"Nect","description":"Built for the future of digital identity.","publisher":{"@id":"https:\/\/nect.com\/pl\/#organization"},"potentialAction":[{"@type":"SearchAction","target":{"@type":"EntryPoint","urlTemplate":"https:\/\/nect.com\/pl\/?s={search_term_string}"},"query-input":{"@type":"PropertyValueSpecification","valueRequired":true,"valueName":"search_term_string"}}],"inLanguage":"pl-PL"},{"@type":"Organization","@id":"https:\/\/nect.com\/pl\/#organization","name":"Nect","url":"https:\/\/nect.com\/pl\/","logo":{"@type":"ImageObject","inLanguage":"pl-PL","@id":"https:\/\/nect.com\/pl\/#\/schema\/logo\/image\/","url":"https:\/\/nect.com\/wp-content\/uploads\/2025\/05\/Nect_favicon_App.svg","contentUrl":"https:\/\/nect.com\/wp-content\/uploads\/2025\/05\/Nect_favicon_App.svg","width":512,"height":512,"caption":"Nect"},"image":{"@id":"https:\/\/nect.com\/pl\/#\/schema\/logo\/image\/"},"sameAs":["https:\/\/www.facebook.com\/NiceToNectYou\/","https:\/\/x.com\/nicetonectyou","https:\/\/www.instagram.com\/nect\/","https:\/\/vimeo.com\/nect\/","https:\/\/www.linkedin.com\/company\/nect.com"]}]}},"_links":{"self":[{"href":"https:\/\/nect.com\/pl\/wp-json\/wp\/v2\/pages\/4626","targetHints":{"allow":["GET"]}}],"collection":[{"href":"https:\/\/nect.com\/pl\/wp-json\/wp\/v2\/pages"}],"about":[{"href":"https:\/\/nect.com\/pl\/wp-json\/wp\/v2\/types\/page"}],"author":[{"embeddable":true,"href":"https:\/\/nect.com\/pl\/wp-json\/wp\/v2\/users\/3"}],"replies":[{"embeddable":true,"href":"https:\/\/nect.com\/pl\/wp-json\/wp\/v2\/comments?post=4626"}],"version-history":[{"count":2,"href":"https:\/\/nect.com\/pl\/wp-json\/wp\/v2\/pages\/4626\/revisions"}],"predecessor-version":[{"id":4633,"href":"https:\/\/nect.com\/pl\/wp-json\/wp\/v2\/pages\/4626\/revisions\/4633"}],"wp:attachment":[{"href":"https:\/\/nect.com\/pl\/wp-json\/wp\/v2\/media?parent=4626"}],"curies":[{"name":"wp","href":"https:\/\/api.w.org\/{rel}","templated":true}]}}